{"id":12,"date":"2013-09-26T15:29:47","date_gmt":"2013-09-26T14:29:47","guid":{"rendered":"http:\/\/association360.ch\/handicap\/?page_id=12"},"modified":"2026-01-28T15:26:35","modified_gmt":"2026-01-28T14:26:35","slug":"accueil","status":"publish","type":"page","link":"https:\/\/association360.ch\/babayagas\/accueil\/","title":{"rendered":"Groupe Les Babayagas"},"content":{"rendered":"<p>Les Babayagas, groupe de lesbiennes seniors de l&rsquo;Association 360, est un groupe pour les femmes seniors lesbiennes qui se veut un lieu d&rsquo;accueil, de partage et de solidarit\u00e9 pour les a\u00een\u00e9es. Le groupe se rencontre chaque <strong>2\u00e8me mercredi du mois d\u00e8s 19h<\/strong>.<\/p>\n<p>\u00a0\u00bb Retrouvons-nous dans la bonne humeur, venez avec vos id\u00e9es et pr\u00e9parons ensemble la suite de nos activit\u00e9s en toute simplicit\u00e9! \u00a0\u00bb<\/p>\n<p>\u2740 Buffet canadien (chacune apporte quelque chose \u00e0 manger)<\/p>\n<p>\u2302 Lieu : Association 360 (36, rue de la Navigation, aux P\u00e2quis), mais cela peut-\u00eatre \u00e0 d&rsquo;autres endroits suivant les envies.<\/p>\n<p>Pour plus d\u2019infos :<br \/>\nGenevi\u00e8ve Bailly, responsable<br \/>\n+33 6 47 87 57 53<\/p>\n","protected":false},"excerpt":{"rendered":"<p>Les Babayagas, groupe de lesbiennes seniors de l&rsquo;Association 360, est un groupe pour les femmes seniors lesbiennes qui se veut un lieu d&rsquo;accueil, de partage et de solidarit\u00e9 pour les a\u00een\u00e9es. Le groupe se rencontre chaque 2\u00e8me mercredi du mois d\u00e8s 19h. \u00a0\u00bb Retrouvons-nous dans la bonne humeur, venez avec vos id\u00e9es et pr\u00e9parons ensemble [&hellip;]<\/p>\n","protected":false},"author":1,"featured_media":0,"parent":0,"menu_order":0,"comment_status":"open","ping_status":"open","template":"","meta":{"_genesis_hide_title":false,"_genesis_hide_breadcrumbs":false,"_genesis_hide_singular_image":false,"_genesis_hide_footer_widgets":false,"_genesis_custom_body_class":"","_genesis_custom_post_class":"","_genesis_layout":"","footnotes":""},"categories":[],"tags":[],"class_list":{"0":"post-12","1":"page","2":"type-page","3":"status-publish","4":"format-standard","6":"entry"},"featured_image_src":null,"featured_image_src_square":null,"_links":{"self":[{"href":"https:\/\/association360.ch\/babayagas\/wp-json\/wp\/v2\/pages\/12","targetHints":{"allow":["GET"]}}],"collection":[{"href":"https:\/\/association360.ch\/babayagas\/wp-json\/wp\/v2\/pages"}],"about":[{"href":"https:\/\/association360.ch\/babayagas\/wp-json\/wp\/v2\/types\/page"}],"author":[{"embeddable":true,"href":"https:\/\/association360.ch\/babayagas\/wp-json\/wp\/v2\/users\/1"}],"replies":[{"embeddable":true,"href":"https:\/\/association360.ch\/babayagas\/wp-json\/wp\/v2\/comments?post=12"}],"version-history":[{"count":9,"href":"https:\/\/association360.ch\/babayagas\/wp-json\/wp\/v2\/pages\/12\/revisions"}],"predecessor-version":[{"id":276,"href":"https:\/\/association360.ch\/babayagas\/wp-json\/wp\/v2\/pages\/12\/revisions\/276"}],"wp:attachment":[{"href":"https:\/\/association360.ch\/babayagas\/wp-json\/wp\/v2\/media?parent=12"}],"wp:term":[{"taxonomy":"category","embeddable":true,"href":"https:\/\/association360.ch\/babayagas\/wp-json\/wp\/v2\/categories?post=12"},{"taxonomy":"post_tag","embeddable":true,"href":"https:\/\/association360.ch\/babayagas\/wp-json\/wp\/v2\/tags?post=12"}],"curies":[{"name":"wp","href":"https:\/\/api.w.org\/{rel}","templated":true}]}}