{"id":10,"date":"2024-12-03T17:22:45","date_gmt":"2024-12-03T16:22:45","guid":{"rendered":"https:\/\/association360.ch\/groupe-mosaik\/?page_id=10"},"modified":"2025-09-29T18:46:14","modified_gmt":"2025-09-29T16:46:14","slug":"nous-sommes","status":"publish","type":"page","link":"https:\/\/association360.ch\/groupe-mosaik\/nous-sommes\/","title":{"rendered":"Qui nous sommes"},"content":{"rendered":"\n<p>Le groupe Mosa\u00efk 360 accueille les personnes lesbiennes, gays, bies, trans, intersexes et queer :<br><br>&#8211; en situation de handicap physique<br>&#8211; neuroatypiques<br>&#8211; avec une d\u00e9ficience intellectuelle<br>&#8211; en situation de handicap sensoriel. <br><br>Les rencontres ont lieu \u00e0 la Maison de Quartier des P\u00e2quis, rue du M\u00f4le 11, 1201 Gen\u00e8ve. <br>Les rencontres ont lieu de 12 heures \u00e0 15 heures. <br>Les rencontres ont lieu chaque mois.<br><br>Dans ce groupe, on fait : <br><br>&#8211; des brunchs<br>&#8211; des sorties au cin\u00e9ma<br>&#8211; des piques-niques dans un parc<br>&#8211; des discussions<br>&#8211; des groupes de paroles<br>&#8211; des rencontres<br><br>Il y a entre 5 et 15 personnes qui y participent. <br>C&rsquo;est gratuit. <br>On peut venir et partir quand on veut. <br><br><\/p>\n\n\n\n<p><\/p>\n\n\n\n<p><\/p>\n\n\n\n<p><\/p>\n\n\n\n<h3 class=\"wp-block-heading\">Contact&nbsp;<\/h3>\n\n\n\n<p>Marjorie Horta<\/p>\n\n\n\n<p>marjorie@association360.ch<\/p>\n","protected":false},"excerpt":{"rendered":"<p>Le groupe Mosa\u00efk 360 accueille les personnes lesbiennes, gays, bies, trans, intersexes et queer : &#8211; en situation de handicap physique&#8211; neuroatypiques&#8211; avec une d\u00e9ficience intellectuelle&#8211; en situation de handicap sensoriel. Les rencontres ont lieu \u00e0 la Maison de Quartier des P\u00e2quis, rue du M\u00f4le 11, 1201 Gen\u00e8ve. Les rencontres ont lieu de 12 heures [&hellip;]<\/p>\n","protected":false},"author":1005,"featured_media":0,"parent":0,"menu_order":0,"comment_status":"closed","ping_status":"closed","template":"","meta":{"_genesis_hide_title":false,"_genesis_hide_breadcrumbs":false,"_genesis_hide_singular_image":false,"_genesis_hide_footer_widgets":false,"_genesis_custom_body_class":"","_genesis_custom_post_class":"","_genesis_layout":"","footnotes":""},"categories":[],"tags":[],"class_list":{"0":"post-10","1":"page","2":"type-page","3":"status-publish","4":"format-standard","6":"entry"},"featured_image_src":null,"featured_image_src_square":null,"_links":{"self":[{"href":"https:\/\/association360.ch\/groupe-mosaik\/wp-json\/wp\/v2\/pages\/10","targetHints":{"allow":["GET"]}}],"collection":[{"href":"https:\/\/association360.ch\/groupe-mosaik\/wp-json\/wp\/v2\/pages"}],"about":[{"href":"https:\/\/association360.ch\/groupe-mosaik\/wp-json\/wp\/v2\/types\/page"}],"author":[{"embeddable":true,"href":"https:\/\/association360.ch\/groupe-mosaik\/wp-json\/wp\/v2\/users\/1005"}],"replies":[{"embeddable":true,"href":"https:\/\/association360.ch\/groupe-mosaik\/wp-json\/wp\/v2\/comments?post=10"}],"version-history":[{"count":5,"href":"https:\/\/association360.ch\/groupe-mosaik\/wp-json\/wp\/v2\/pages\/10\/revisions"}],"predecessor-version":[{"id":80,"href":"https:\/\/association360.ch\/groupe-mosaik\/wp-json\/wp\/v2\/pages\/10\/revisions\/80"}],"wp:attachment":[{"href":"https:\/\/association360.ch\/groupe-mosaik\/wp-json\/wp\/v2\/media?parent=10"}],"wp:term":[{"taxonomy":"category","embeddable":true,"href":"https:\/\/association360.ch\/groupe-mosaik\/wp-json\/wp\/v2\/categories?post=10"},{"taxonomy":"post_tag","embeddable":true,"href":"https:\/\/association360.ch\/groupe-mosaik\/wp-json\/wp\/v2\/tags?post=10"}],"curies":[{"name":"wp","href":"https:\/\/api.w.org\/{rel}","templated":true}]}}