{"id":1081,"date":"2009-09-30T15:13:00","date_gmt":"2009-09-30T14:13:00","guid":{"rendered":"http:\/\/association360.ch\/homoparents\/about\/"},"modified":"2020-12-15T14:49:46","modified_gmt":"2020-12-15T13:49:46","slug":"about","status":"publish","type":"page","link":"https:\/\/association360.ch\/homoparents\/about\/","title":{"rendered":"Qui sommes nous&#8230;"},"content":{"rendered":"\n<div class=\"mceTemp\"><strong style=\"color: #222222; font-family: Raleway, sans-serif; font-size: 18px;\">360 FAMILLES LGBTQ+<\/strong><\/div>\n\n\n\n<div class=\"page\" title=\"Page 8\">\n<div class=\"layoutArea\">\n<div class=\"column\">\n<p>Les familles LGBTQ+ (o\u00f9 au moins un parent se d\u00e9finit comme lesbienne, gay, bi, trans* ou queer) sont une r\u00e9alit\u00e9 pour des milliers d\u2019enfants en Suisse. Pionnier en Suisse romande, 360 oeuvre depuis 2001 (anciennement Groupe Homoparents) afin de r\u00e9pondre aux interrogations de ces familles, qu\u2019elles soient constitu\u00e9es ou en devenir, et leur offrir un espace de soutien, d&rsquo;accompagnement, de discussions de partage.<\/p>\n<\/div>\n<\/div>\n<\/div>\n\n\n\n<p>360 Familles LGBTQ+ travaille \u00e0 la reconnaissance sociale et juridique des familles LGBTQ+. Une large partie de nos efforts consiste \u00e0 faire reconna\u00eetre ces familles comme l\u2019une des nombreuses configurations familiales possibles et \u00e9gales, de m\u00eame qu\u2019\u00e0 combattre les pr\u00e9jug\u00e9s et les discriminations. Cela passe par des activit\u00e9s de formation, sensibilisation et visibilisation \u00e0 l\u2019attention des professionnel\u00b7le\u00b7x\u00b7s, des familles et de la jeunesse, ainsi que du grand public.<\/p>\n\n\n\n<p><strong>PERMANENCE ET CONSEILS<br><\/strong>360 Familles LGBTQ+ offre \u00e0 toutes personne concern\u00e9e une permanence de conseils, soutien, accompagnement et \u00e9coute dans un cadre de confidentialit\u00e9 soit par mail \u00e0 <a href=\"mailto:familleslgbtq@association360.ch\">familleslgbtq@association360.ch<\/a>\u00a0ou par t\u00e9l\u00e9phone au 079 416 20 57<strong><br><\/strong><\/p>\n\n\n\n<p><strong>GROUPE 360 FAMILLES LGBTQ+ (anciennement groupe Homoparents)<br><\/strong>Le groupe Familles LGBTQ+ de l\u2019association 360 est un lieu de rencontre et de partage pour tous les parents et futurs parents concern\u00e9.e.x.s, ainsi qu\u2019un lieu de partage pour leurs enfants dans un cadre de non jugement, respect et confidentialit\u00e9.<br><strong>Nos prestations :<\/strong><br>\u2013 groupes de discussions, soutien, \u00e9coute, accompagnement et partages<br>\u2013 r\u00e9unions \u00e0 th\u00e8mes, ateliers<br>\u2013 sorties conviviales et festives en familles<br>Consultez <a href=\"http:\/\/association360.ch\/homoparents\/agenda\/\">l\u2019agenda<\/a> pour plus de d\u00e9tails.<\/p>\n\n\n\n<p><strong>FORMATION &#8211; SENSIBILISATION &#8211; SENSIBILISATION<br><\/strong>Nous sommes \u00e9galement \u00e0 la disposition de toutes et tous les professionnel.le.x.s (petite enfance, parentalit\u00e9, sant\u00e9, m\u00e9dias, \u00e9ducation politiques, institutions, etc.) et des \u00e9tudiant.e.s. qui d\u00e9sirent se familiariser avec cette r\u00e9alit\u00e9 ou qui ont besoin d\u2019informations en lien avec des situations concr\u00e8tes.<\/p>\n\n\n\n<p>360 Familles LGBTQ+ est reconnu comme \u00e9tant un espace d\u2019expertise par les institutions publiques. De nombreuses <strong>interventions de sensibilisation ou de formation<\/strong> ont lieu aupr\u00e8s de personnel travaillant avec les jeunes, les enfants ou les familles, de la sant\u00e9, de la parentalit\u00e9, ou aupr\u00e8s des \u00e9tablissements scolaires.<\/p>\n\n\n\n<p>360 Familles LGBTQ+ monte \u00e9galement des projets et des \u00e9v\u00e9nements. Nous nous s&rsquo;inscrivons dans un r\u00e9seau associatif, public et institutionnel (LGBT, sant\u00e9, familles, parentalit\u00e9, \u00e9ducation, droits humains, etc.) qui permet d&rsquo;\u00e9changer et de consolider des connaissances et de travailler en r\u00e9seau.<\/p>\n\n\n\n<p>Pour nous contacter:\u00a0<a href=\"mailto:familleslgbtq@association360.ch\">familleslgbtq@association360.ch<br><\/a><\/p>\n\n\n\n<figure class=\"wp-block-image alignnone\"><a href=\"http:\/\/association360.ch\/homoparents\/wp-content\/uploads\/sites\/2\/2009\/09\/Albertine_conf_famarc-bd.jpg\"><img loading=\"lazy\" decoding=\"async\" width=\"495\" height=\"474\" src=\"http:\/\/association360.ch\/homoparents\/wp-content\/uploads\/sites\/2\/2009\/09\/Albertine_conf_famarc-bd.jpg\" alt=\"Albertine_conf_famarc-bd\" class=\"wp-image-1389\" srcset=\"https:\/\/association360.ch\/homoparents\/wp-content\/uploads\/sites\/2\/2009\/09\/Albertine_conf_famarc-bd.jpg 495w, https:\/\/association360.ch\/homoparents\/wp-content\/uploads\/sites\/2\/2009\/09\/Albertine_conf_famarc-bd-300x287.jpg 300w\" sizes=\"auto, (max-width: 495px) 100vw, 495px\" \/><\/a><figcaption>Illustration: Albertine<\/figcaption><\/figure>\n","protected":false},"excerpt":{"rendered":"<p>360 FAMILLES LGBTQ+ Les familles LGBTQ+ (o\u00f9 au moins un parent se d\u00e9finit comme lesbienne, gay, bi, trans* ou queer) sont une r\u00e9alit\u00e9 pour des milliers d\u2019enfants en Suisse. Pionnier en Suisse romande, 360 oeuvre depuis 2001 (anciennement Groupe Homoparents) afin de r\u00e9pondre aux interrogations de ces familles, qu\u2019elles soient constitu\u00e9es ou en devenir, et [&hellip;]<\/p>\n","protected":false},"author":1,"featured_media":24,"parent":0,"menu_order":1,"comment_status":"closed","ping_status":"closed","template":"","meta":{"_genesis_hide_title":false,"_genesis_hide_breadcrumbs":false,"_genesis_hide_singular_image":false,"_genesis_hide_footer_widgets":false,"_genesis_custom_body_class":"","_genesis_custom_post_class":"","_genesis_layout":"","footnotes":""},"categories":[],"tags":[],"class_list":{"0":"post-1081","1":"page","2":"type-page","3":"status-publish","4":"format-standard","5":"has-post-thumbnail","7":"entry"},"featured_image_src":"https:\/\/association360.ch\/homoparents\/wp-content\/uploads\/sites\/2\/2013\/09\/albertine.jpg","featured_image_src_square":"https:\/\/association360.ch\/homoparents\/wp-content\/uploads\/sites\/2\/2013\/09\/albertine.jpg","_links":{"self":[{"href":"https:\/\/association360.ch\/homoparents\/wp-json\/wp\/v2\/pages\/1081","targetHints":{"allow":["GET"]}}],"collection":[{"href":"https:\/\/association360.ch\/homoparents\/wp-json\/wp\/v2\/pages"}],"about":[{"href":"https:\/\/association360.ch\/homoparents\/wp-json\/wp\/v2\/types\/page"}],"author":[{"embeddable":true,"href":"https:\/\/association360.ch\/homoparents\/wp-json\/wp\/v2\/users\/1"}],"replies":[{"embeddable":true,"href":"https:\/\/association360.ch\/homoparents\/wp-json\/wp\/v2\/comments?post=1081"}],"version-history":[{"count":10,"href":"https:\/\/association360.ch\/homoparents\/wp-json\/wp\/v2\/pages\/1081\/revisions"}],"predecessor-version":[{"id":3088,"href":"https:\/\/association360.ch\/homoparents\/wp-json\/wp\/v2\/pages\/1081\/revisions\/3088"}],"wp:featuredmedia":[{"embeddable":true,"href":"https:\/\/association360.ch\/homoparents\/wp-json\/wp\/v2\/media\/24"}],"wp:attachment":[{"href":"https:\/\/association360.ch\/homoparents\/wp-json\/wp\/v2\/media?parent=1081"}],"wp:term":[{"taxonomy":"category","embeddable":true,"href":"https:\/\/association360.ch\/homoparents\/wp-json\/wp\/v2\/categories?post=1081"},{"taxonomy":"post_tag","embeddable":true,"href":"https:\/\/association360.ch\/homoparents\/wp-json\/wp\/v2\/tags?post=1081"}],"curies":[{"name":"wp","href":"https:\/\/api.w.org\/{rel}","templated":true}]}}