{"id":1803,"date":"2014-06-23T19:09:30","date_gmt":"2014-06-23T18:09:30","guid":{"rendered":"http:\/\/association360.ch\/homoparents\/?page_id=1803"},"modified":"2014-06-23T19:12:37","modified_gmt":"2014-06-23T18:12:37","slug":"programme","status":"publish","type":"page","link":"https:\/\/association360.ch\/homoparents\/conference-nationale\/programme\/","title":{"rendered":"Programme"},"content":{"rendered":"<h2>Vendredi 24 mai 2013<\/h2>\n<p>\u279c\u00a0<strong>8h30\u00a0Accueil<\/strong><\/p>\n<hr \/>\n<p><strong>Ma\u00eetre de c\u00e9r\u00e9monie:<br \/>\nMarta Roca i Escoda<\/strong>, ma\u00eetre d\u2019enseignement et de recherche, Centre en Etudes Genre LIEGE, Universit\u00e9 de Lausanne<\/p>\n<p>\u279c\u00a0<strong>9h\u00a0Allocution d\u2019ouverture et pr\u00e9sentation des deux journ\u00e9es<br \/>\n<\/strong><strong>Chatty Ecoffey<\/strong>, co-pr\u00e9sidente de l\u2019association fa\u00eeti\u00e8re Familles arc-en-ciel et de l\u2019association 360<br \/>\n<strong>Esther Alder<\/strong>, conseill\u00e8re administrative, D\u00e9partement de la Coh\u00e9sion Sociale et de la Solidarit\u00e9 de la Ville de Gen\u00e8ve<br \/>\n<strong>Lorena Parini<\/strong>, ma\u00eetre d\u2019enseignement et de recherche, Institut des Etudes Genre, Facult\u00e9 des SES, Universit\u00e9 de Gen\u00e8ve<br \/>\n<strong>Marta Roca i Escoda<\/strong>, ma\u00eetre d\u2019enseignement et de recherche, Centre en Etudes Genre LIEGE, Universit\u00e9 de Lausanne<\/p>\n<hr \/>\n<p><strong>I. LES FAMILLES ARC-EN-CIEL: ETAT DES LIEUX<\/strong><br \/>\n\u279c\u00a0<strong>9h30 \u00e0 11h<\/strong><br \/>\n<strong>Les familles homoparentales, une repr\u00e9sentation de la diversit\u00e9 des familles d\u2019aujourd\u2019hui<\/strong><br \/>\n<strong>Anne Cadoret<\/strong>\u00a0(France), anthropologue, ayant travaill\u00e9 aux laboratoires Groupe de recherche du social et de la sociabilit\u00e9, puis au Centre de recherche sur les liens sociaux du CNRS. Auteure notamment de \u00ab<a href=\"http:\/\/www.amazon.fr\/Des-parents-comme-autres-Homosexualit%C3%A9\/dp\/2738111521\" target=\"_blank\">Des parents comme les autres, Homosexualit\u00e9 et parent\u00e9<\/a>\u00bb.<\/p>\n<p><strong>Familles arc-en-ciel et d\u00e9veloppement de l\u2019enfant: l\u2019approche psychologique<\/strong><br \/>\n<strong>Maria del Mar Gonzalez<\/strong>\u00a0(Espagne), Professeure au D\u00e9partement de psychologie \u00e9volutive de l\u2019Universit\u00e9 de S\u00e9ville<\/p>\n<p><strong>Situation juridique actuelle des familles arc-en-ciel et travaux l\u00e9gislatifs en cours<\/strong><br \/>\n<strong>Natalie M\u00e9gevand<\/strong>\u00a0(Suisse), avocate, Office f\u00e9d\u00e9ral de l\u2019\u00e9tat civil, Berne<\/p>\n<hr \/>\n<p><strong>II. MA FAMILLE ARC-EN-CIEL<\/strong><br \/>\n\u279c\u00a0<strong>11h \u00e0 12h<\/strong><br \/>\n<strong>Table ronde: t\u00e9moignages<\/strong><br \/>\n<strong>Adultes et jeunes adultes<\/strong>\u00a0ayant grandi dans une famille arc-en-ciel<br \/>\n<strong>Taina Tervonen<\/strong>\u00a0(France), auteur du livre \u00ab<a href=\"http:\/\/filsdelelivre.wordpress.com\/\" target=\"_blank\">Fils de&#8230;\u00bb (30 portraits de filles et fils d\u2019homosexuel\u00b7le\u00b7s)<\/a><br \/>\n<strong>Mod\u00e9ratrice: Caroline Dayer,<\/strong>\u00a0enseignante et chercheuse \u00e0 l\u2019Universit\u00e9 de Gen\u00e8ve<\/p>\n<p>\u279c\u00a0<strong>12h \u00e0 14h15\u00a0Pause d\u00e9jeuner<\/strong><\/p>\n<hr \/>\n<p>\u279c\u00a0<strong>14h15 \u00e0 15h<br \/>\nDe la notion \u00abbesoins de l\u2019enfant\u00bb aux \u00abint\u00e9r\u00eats de l\u2019enfant\u00bb<\/strong><br \/>\n<strong>Philip Jaff\u00e9<\/strong>\u00a0(Suisse), professeur de psychologie \/droits de l\u2019enfant, directeur de l\u2019Institut universitaire Kurt B\u00f6sch, Sion<\/p>\n<hr \/>\n<p><strong>III. LES PROFESSIONNEL\u00b7LE\u00b7S FACE AUX FAMILLES ARC-EN-CIEL<\/strong><br \/>\n\u279c\u00a0<strong>15h \u00e0 16h<br \/>\nTable ronde: Accueillir la diversit\u00e9 familiale<\/strong><br \/>\n<strong>Dr Olivier Duperrex,<\/strong>\u00a0responsable de l\u2019Unit\u00e9 de promotion de la sant\u00e9 et de pr\u00e9vention en milieu scolaire (Unit\u00e9 PSPS), DFJC-DSAS, Etat de Vaud<br \/>\n<strong>Andreas Zink,<\/strong>\u00a0chef de service, Service de Protection des Mineurs (SPMI), Office de la jeunesse de l\u2019Etat de Gen\u00e8ve<br \/>\n<strong>Sandra Capeder,<\/strong>\u00a0cheffe de service, Service de la petite enfance (SDPE), D\u00e9partement de la coh\u00e9sion sociale et de la solidarit\u00e9 de la Ville de Gen\u00e8ve<br \/>\n<strong>Carole Veuthey,<\/strong>\u00a0charg\u00e9e d&rsquo;enseignement, Facult\u00e9 de psychologie et des sciences de l\u2019\u00e9ducation FPSE, Universit\u00e9 de Gen\u00e8ve<br \/>\n<strong>Mod\u00e9ratrice: Barbara Konrad,<\/strong>\u00a0\u00e9ducatrice sp\u00e9cialis\u00e9e, membre du comit\u00e9 de l&rsquo;association nationale Familles arc-en-ciel et du Groupe Homoparents de l&rsquo;association 360<\/p>\n<p>\u279c\u00a0<strong>16h \u00e0 16h30\u00a0Pause<\/strong><\/p>\n<p>\u279c\u00a0<strong>16h30 \u00e0 18h<br \/>\nDe la diversit\u00e9 familiale aux strat\u00e9gies pour en finir avec l\u2019homophobie<\/strong><br \/>\n<strong>Mona Greenbaum<\/strong>\u00a0(Qu\u00e9bec), Directrice g\u00e9n\u00e9rale de la Coalition des familles homoparentales<br \/>\n<strong>Isabel C\u00f4t\u00e9<\/strong>\u00a0(Qu\u00e9bec), Ph. D., D\u00e9partement du travail social, Universit\u00e9 du Qu\u00e9bec en Outaouais<\/p>\n<hr \/>\n<p>\u279c\u00a0<strong>18h \u00e0 18h15\u00a0Regards sur la journ\u00e9e<\/strong><br \/>\n<strong>Lorena Parini,<\/strong>\u00a0ma\u00eetre d\u2019enseignement et de recherche, Institut des Etudes Genre, Facult\u00e9 des SES, Universit\u00e9 de Gen\u00e8ve<\/p>\n<h2>Samedi 25 mai 2013<\/h2>\n<p>\u279c\u00a0<strong>8h30\u00a0Accueil<\/strong><\/p>\n<hr \/>\n<p><strong>Ma\u00eetre de c\u00e9r\u00e9monie:<br \/>\n<strong>Lorena Parini<\/strong>,\u00a0<\/strong>ma\u00eetre d\u2019enseignement et de recherche, Institut des Etudes Genre, Facult\u00e9 des SES, Universit\u00e9 de Gen\u00e8ve<\/p>\n<p>\u279c\u00a0<strong>9h \u00e0 10h<br \/>\nLa question des origines, entre dogmatisme et ouverture<\/strong><br \/>\n<strong>Nicole Prieur<\/strong>, (France) Philosophe, psychoth\u00e9rapeute, auteure, entre autres de \u00ab<a href=\"http:\/\/www.amazon.fr\/Raconte-moi-do%C3%B9-viens-Nicole-Prieur\/dp\/2501056388\/ref=tmm_gpb_title_0\" target=\"_blank\">Raconte-moi d\u2019o\u00f9 je viens. La question des origines dans les nouvelles formes de filiation<\/a>\u00bb Ed. Bayard; et de \u00ab<a href=\"http:\/\/www.amazon.fr\/enfants-philosophes--partager-grandes-questions\/dp\/2226245693\/ref=la_B004N66OUC_1_2?ie=UTF8&amp;qid=1362127793&amp;sr=1-2\" target=\"_blank\">Nos enfants, ces petits philosophes. Les accompagner sur leurs grandes questions de la vie.<\/a>\u00bb Albin-Michel, Mars 2013<\/p>\n<p>\u279c\u00a0<strong>10h \u00e0 10h30\u00a0Pause caf\u00e9<\/strong><\/p>\n<hr \/>\n<p>\u279c\u00a0<strong>10h30 \u00e0 11h30<br \/>\nQu\u2019est-ce qu\u2019un parent? Pluriparentalit\u00e9s, genre et syst\u00e8mes de filiation<\/strong><br \/>\n<strong>Agn\u00e8s Martial<\/strong>\u00a0(France), anthropologue, charg\u00e9e de recherche, CNRS et membre du Centre Norbert Elias, EHESS, Marseille<\/p>\n<hr \/>\n<p>\u279c\u00a0<strong>11h30 \u00e0 12h<br \/>\nLe \u00abparent non statutaire\u00bb face aux cadres institutionnels: entre espoirs et angoisses<\/strong><br \/>\n<strong>Yazid Ben Hounet<\/strong>\u00a0(Suisse), anthropologue, collaborateur scientifique \u00e0 la Haute \u00e9cole de travail social et de la sant\u00e9, Vaud<\/p>\n<p>\u279c\u00a0<strong>12h \u00e0 13h45\u00a0Pause d\u00e9jeuner<\/strong><\/p>\n<hr \/>\n<p><strong>ATELIERS<\/strong><br \/>\n\u279c\u00a0<strong>13h45 \u00e0 15h45<br \/>\nDu p\u00e8re au g\u00e9niteur en passant par le tiers int\u00e9ress\u00e9. Le r\u00f4le du donneur au sein des familles lesboparentales qu\u00e9b\u00e9coises<\/strong><br \/>\n<strong>Isabel C\u00f4t\u00e9<\/strong>\u00a0(Qu\u00e9bec), Ph. D., D\u00e9partement du travail social, Uni- versit\u00e9 du Qu\u00e9bec en Outaouais<br \/>\n<strong>Mona Greenbaum<\/strong>\u00a0(Qu\u00e9bec), Directrice g\u00e9n\u00e9rale de la Coalition des familles homoparentales<\/p>\n<p><strong>Paternit\u00e9 gay<\/strong><br \/>\n<strong>Martine Gross<\/strong>\u00a0(France), ing\u00e9nieure de Recherche en sciences sociales au CNRS, auteure, entre autre de \u00ab<a href=\"http:\/\/www.amazon.fr\/Choisir-paternit%C3%A9-gay-Martine-Gross\/dp\/2749215358\" target=\"_blank\">Choisir la Paternit\u00e9 gay<\/a>\u00bb<br \/>\n<strong>Marta Roca i Escoda<\/strong>\u00a0(Suisse), Ma\u00eetre d&rsquo;enseignement et de recherche, Centre en \u00e9tudes genre Li\u00e8ge, Universit\u00e9 de Lausanne<br \/>\n<strong>T\u00e9moignages de p\u00e8res gay<\/strong><br \/>\nAtelier en partenariat avec l\u2019association Dialogai<\/p>\n<p><strong>Transparentalit\u00e9<\/strong><br \/>\n<strong>Laura Leprince<\/strong>\u00a0(France), membre du bureau ex\u00e9cutif de Transgender Europe et pr\u00e9sidente de l&rsquo;association fran\u00e7aise \u00a0ID Trans&rsquo;<br \/>\n<strong>Sandra Mansi\u00a0<\/strong>(Suisse), responsable du groupe trans\u00a0 de l\u2019association 360<br \/>\n<strong>T\u00e9moignage<\/strong><\/p>\n<p>\u279c\u00a0<strong>15h45 \u00e0 16h15\u00a0Pause<\/strong><\/p>\n<p>\u279c\u00a0<strong>16h15 \u00e0 16h45\u00a0Synth\u00e8se des ateliers<\/strong><\/p>\n<hr \/>\n<p>\u279c\u00a0<strong>16h45 \u00e0 17h\u00a0Cl\u00f4ture<\/strong><br \/>\n<strong>Sandrine Salerno<\/strong>, conseill\u00e8re administrative, D\u00e9partement des Finances et du Logement de la Ville de Gen\u00e8ve<br \/>\n<strong>Caroline Dayer,<\/strong>\u00a0enseignante et chercheuse \u00e0 l\u2019Universit\u00e9 de Gen\u00e8ve<br \/>\n<strong>Chatty Ecoffey<\/strong>, co-pr\u00e9sidente de l\u2019association fa\u00eeti\u00e8re Familles arc-en-ciel et de l\u2019association 360<\/p>\n","protected":false},"excerpt":{"rendered":"<p>Vendredi 24 mai 2013 \u279c\u00a08h30\u00a0Accueil Ma\u00eetre de c\u00e9r\u00e9monie: Marta Roca i Escoda, ma\u00eetre d\u2019enseignement et de recherche, Centre en Etudes Genre LIEGE, Universit\u00e9 de Lausanne \u279c\u00a09h\u00a0Allocution d\u2019ouverture et pr\u00e9sentation des deux journ\u00e9es Chatty Ecoffey, co-pr\u00e9sidente de l\u2019association fa\u00eeti\u00e8re Familles arc-en-ciel et de l\u2019association 360 Esther Alder, conseill\u00e8re administrative, D\u00e9partement de la Coh\u00e9sion Sociale et de [&hellip;]<\/p>\n","protected":false},"author":324,"featured_media":0,"parent":1015,"menu_order":0,"comment_status":"closed","ping_status":"closed","template":"","meta":{"_genesis_hide_title":false,"_genesis_hide_breadcrumbs":false,"_genesis_hide_singular_image":false,"_genesis_hide_footer_widgets":false,"_genesis_custom_body_class":"","_genesis_custom_post_class":"","_genesis_layout":"","footnotes":""},"categories":[],"tags":[],"class_list":{"0":"post-1803","1":"page","2":"type-page","3":"status-publish","4":"format-standard","6":"entry"},"featured_image_src":null,"featured_image_src_square":null,"_links":{"self":[{"href":"https:\/\/association360.ch\/homoparents\/wp-json\/wp\/v2\/pages\/1803","targetHints":{"allow":["GET"]}}],"collection":[{"href":"https:\/\/association360.ch\/homoparents\/wp-json\/wp\/v2\/pages"}],"about":[{"href":"https:\/\/association360.ch\/homoparents\/wp-json\/wp\/v2\/types\/page"}],"author":[{"embeddable":true,"href":"https:\/\/association360.ch\/homoparents\/wp-json\/wp\/v2\/users\/324"}],"replies":[{"embeddable":true,"href":"https:\/\/association360.ch\/homoparents\/wp-json\/wp\/v2\/comments?post=1803"}],"version-history":[{"count":5,"href":"https:\/\/association360.ch\/homoparents\/wp-json\/wp\/v2\/pages\/1803\/revisions"}],"predecessor-version":[{"id":1809,"href":"https:\/\/association360.ch\/homoparents\/wp-json\/wp\/v2\/pages\/1803\/revisions\/1809"}],"up":[{"embeddable":true,"href":"https:\/\/association360.ch\/homoparents\/wp-json\/wp\/v2\/pages\/1015"}],"wp:attachment":[{"href":"https:\/\/association360.ch\/homoparents\/wp-json\/wp\/v2\/media?parent=1803"}],"wp:term":[{"taxonomy":"category","embeddable":true,"href":"https:\/\/association360.ch\/homoparents\/wp-json\/wp\/v2\/categories?post=1803"},{"taxonomy":"post_tag","embeddable":true,"href":"https:\/\/association360.ch\/homoparents\/wp-json\/wp\/v2\/tags?post=1803"}],"curies":[{"name":"wp","href":"https:\/\/api.w.org\/{rel}","templated":true}]}}