{"id":2887,"date":"2018-06-05T10:11:29","date_gmt":"2018-06-05T09:11:29","guid":{"rendered":"http:\/\/association360.ch\/homoparents\/?page_id=2887"},"modified":"2024-06-21T14:07:27","modified_gmt":"2024-06-21T13:07:27","slug":"adoption-enfant-dude-la-partenaire","status":"publish","type":"page","link":"https:\/\/association360.ch\/homoparents\/adoption-enfant-dude-la-partenaire\/","title":{"rendered":"Adoption enfant du\/de la partenaire"},"content":{"rendered":"Le service \u00e9tat civil et l\u00e9galisations est l&rsquo;autorit\u00e9 comp\u00e9tente pour prononcer les adoptions d&rsquo;enfants mineurs par le conjoint\/partenaire\/concubin dans le Canton de Gen\u00e8ve.\n<div class=\"body field field--name-body field--type-text-with-summary field--label-hidden\">\n<h4>Conditions<\/h4>\nIl est possible d&rsquo;adopter l&rsquo;enfant mineur de votre conjoint.e.x, partenaire.x enregistr\u00e9 ou de la personne avec laquelle vous menez de fait une vie de couple aux conditions de base suivantes:\n<ul>\n \t<li>Faire m\u00e9nage commun depuis au moins 3 ans avec le p\u00e8re\/la m\u00e8re de l\u2019enfant;<\/li>\n \t<li>En cas de concubinage, ne pas \u00eatre mari\u00e9\/e ni li\u00e9\/e par un partenariat enregistr\u00e9 avec une tierce personne;<\/li>\n \t<li>Avoir une diff\u00e9rence d\u2019\u00e2ge d\u2019au moins 16 ans et de maximum 45 ans avec l\u2019enfant. Des exceptions \u00e0 cette diff\u00e9rence d\u2019\u00e2ge sont possibles, si le bien de l\u2019enfant le commande et si c\u2019est motiv\u00e9 par l\u2019adoptant;<\/li>\n \t<li>Obtenir le consentement du p\u00e8re et\/ou de la m\u00e8re de l&rsquo;enfant (selon la filiation \u00e9tablie dans l\u2019acte de naissance);<\/li>\n \t<li>Obtenir le consentement de l&rsquo;enfant, s\u2019il a douze ans et s\u2019il est capable de discernement;<\/li>\n \t<li>Si l\u2019enfant est sous tutelle ou curatelle, le consentement du Tribunal de protection de l&rsquo;adulte et de l&rsquo;enfant est n\u00e9cessaire, m\u00eame s\u2019il est capable de discernement;<\/li>\n \t<li>Avoir fourni des soins et pourvu \u00e0 son \u00e9ducation pendant au moins un an;<\/li>\n \t<li>Garantir que l&rsquo;\u00e9tablissement d&rsquo;un lien de filiation serve au bien de l&rsquo;enfant sans porter une atteinte in\u00e9quitable \u00e0 la situation d&rsquo;autres enfants du couple;<\/li>\n \t<li>Pouvoir assurer la prise en charge de l\u2019enfant jusqu\u2019\u00e0 sa majorit\u00e9 et au-del\u00e0 en cas d&rsquo;\u00e9tudes s\u00e9rieuses et suivies, compte tenu de son \u00e2ge et de sa situation personnelle.<\/li>\n<\/ul>\n<\/div>\n<div class=\"field_prix field field--name-field-prix field--type-text-long field--label-above\">\n<h3 class=\"field__label\">Prix<\/h3>\n<div>\n\nUn \u00e9molument de 800 francs est per\u00e7u pour l&rsquo;adoption de l&rsquo;enfant du conjoint\/partenaire\/concubin.\n<p class=\"retrait1\"><span lang=\"FR\">L&rsquo;\u00e9molument reste du m\u00eame en cas de rejet ou de retrait de la requ\u00eate. <\/span>Cet \u00e9molument concerne uniquement la proc\u00e9dure de prononc\u00e9 de l&rsquo;adoption par le SECL et ne comprend pas les \u00e9moluments et frais demand\u00e9s par les autres autorit\u00e9s, notamment l&rsquo;autorit\u00e9 centrale cantonale en mati\u00e8re d&rsquo;adoption et le tribunal de protection de l&rsquo;adulte et de l&rsquo;enfant. Cet \u00e9molument ne comprend pas non plus les frais en lien avec la l\u00e9galisation ou l&rsquo;authentification des actes \u00e9trangers.<\/p>\n\n<\/div>\n<\/div>\n<div class=\"field_acceder_titre\">\n<h3 class=\"h3\">D\u00e9poser votre demande<\/h3>\n<\/div>\n<div class=\"field_acceder_description field field--name-field-acceder-description field--type-string-long field--label-hidden\">Envoyez votre demande \u00e9crite (formulaire dat\u00e9 et sign\u00e9 de mani\u00e8re manuscrite), ainsi que les annexes correspondantes par courrier postal \u00e0 l&rsquo;adresse suivante:\n\nService \u00e9tat civil et l\u00e9galisations\nCase postale 2265\n1211 Gen\u00e8ve 2<\/div>\n<div><\/div>\n<h3><a href=\"https:\/\/www.ge.ch\/adoption\/adopter-enfant-du-conjoint\/partenaire\/concubin\" target=\"_blank\" rel=\"noopener\">Toutes les infos et t\u00e9l\u00e9chargement des formulaires \u00a0sur le site du Canton de Gen\u00e8ve ici<\/a><\/h3>\n<div><\/div>\n<h3>Nos services<\/h3>\n<ul>\n \t<li>Le P\u00f4le Familles LGBTQ+ est \u00e0 votre disposition pour vous accompagner dans vos d\u00e9marches:\n<a href=\"mailto:familleslgbtq@association360.ch\">familleslgbtq@association360.ch<\/a><\/li>\n \t<li>Nous organisons r\u00e9guli\u00e8rement des soir\u00e9es d&rsquo;informations, partage et discussion. Un espace pour \u00e9changer et poser toutes les questions dans un cadre confidentiel, <a href=\"https:\/\/association360.ch\/homoparents\/agenda\/\" target=\"_blank\" rel=\"noopener\">consulter notre agenda.<\/a><\/li>\n \t<li>Notre association propose \u00e9galement un service juridique, qui vous accueille uniquement sur rendez-vous les mardis de 9h \u00e0 17 et les vendredis de 9h \u00e0 13h\nTarifs: 50 francs \/ entretien\nSuivi de dossier: de 50.\u2013 \u00e0 120.\u2013 francs de l\u2019heure (en fonction du revenu)<\/li>\n<\/ul>\n<div>Notre service est assur\u00e9 par Rapha\u00ebl Bagi\n\n \n<div class=\"wp-block-buttons is-layout-flex wp-block-buttons-is-layout-flex\">\n<div class=\"wp-block-button\"><a class=\"wp-block-button__link\" href=\"https:\/\/booking.localsearch.ch\/bookings\/service-juridique-360\/services?locale=fr\" target=\"_blank\" rel=\"noreferrer noopener\"><strong>prendre rendez-vous<\/strong><\/a><\/div>\n<\/div>\n \n\n<\/div>\n<div><\/div>","protected":false},"excerpt":{"rendered":"<p>Le service \u00e9tat civil et l\u00e9galisations est l&rsquo;autorit\u00e9 comp\u00e9tente pour prononcer les adoptions d&rsquo;enfants mineurs par le conjoint\/partenaire\/concubin dans le Canton de Gen\u00e8ve. Conditions Il est possible d&rsquo;adopter l&rsquo;enfant mineur de votre conjoint.e.x, partenaire.x enregistr\u00e9 ou de la personne avec laquelle vous menez de fait une vie de couple aux conditions de base suivantes: Faire [&hellip;]<\/p>\n","protected":false},"author":324,"featured_media":0,"parent":0,"menu_order":0,"comment_status":"closed","ping_status":"closed","template":"","meta":{"_genesis_hide_title":false,"_genesis_hide_breadcrumbs":false,"_genesis_hide_singular_image":false,"_genesis_hide_footer_widgets":false,"_genesis_custom_body_class":"","_genesis_custom_post_class":"","_genesis_layout":"","footnotes":""},"categories":[],"tags":[],"class_list":{"0":"post-2887","1":"page","2":"type-page","3":"status-publish","4":"format-standard","6":"entry"},"featured_image_src":null,"featured_image_src_square":null,"_links":{"self":[{"href":"https:\/\/association360.ch\/homoparents\/wp-json\/wp\/v2\/pages\/2887","targetHints":{"allow":["GET"]}}],"collection":[{"href":"https:\/\/association360.ch\/homoparents\/wp-json\/wp\/v2\/pages"}],"about":[{"href":"https:\/\/association360.ch\/homoparents\/wp-json\/wp\/v2\/types\/page"}],"author":[{"embeddable":true,"href":"https:\/\/association360.ch\/homoparents\/wp-json\/wp\/v2\/users\/324"}],"replies":[{"embeddable":true,"href":"https:\/\/association360.ch\/homoparents\/wp-json\/wp\/v2\/comments?post=2887"}],"version-history":[{"count":9,"href":"https:\/\/association360.ch\/homoparents\/wp-json\/wp\/v2\/pages\/2887\/revisions"}],"predecessor-version":[{"id":3238,"href":"https:\/\/association360.ch\/homoparents\/wp-json\/wp\/v2\/pages\/2887\/revisions\/3238"}],"wp:attachment":[{"href":"https:\/\/association360.ch\/homoparents\/wp-json\/wp\/v2\/media?parent=2887"}],"wp:term":[{"taxonomy":"category","embeddable":true,"href":"https:\/\/association360.ch\/homoparents\/wp-json\/wp\/v2\/categories?post=2887"},{"taxonomy":"post_tag","embeddable":true,"href":"https:\/\/association360.ch\/homoparents\/wp-json\/wp\/v2\/tags?post=2887"}],"curies":[{"name":"wp","href":"https:\/\/api.w.org\/{rel}","templated":true}]}}