{"id":17,"date":"2024-12-03T17:22:45","date_gmt":"2024-12-03T16:22:45","guid":{"rendered":"https:\/\/association360.ch\/groupe-mosaik\/?page_id=10"},"modified":"2025-05-09T23:21:45","modified_gmt":"2025-05-09T21:21:45","slug":"nous-sommes","status":"publish","type":"page","link":"https:\/\/association360.ch\/lgbtiqplus-foreigners-group\/nous-sommes\/","title":{"rendered":"Who we are"},"content":{"rendered":"\n<p>LGBTIQ+ foreigners group Geneva offers a safe meeting place (monthly pot-luck dinners) as well as information for LGBTIQ+ newcomers. We answer your questions at : <a href=\"mailto:LGBTIQ.intl@gmail.com\">LGBTIQ.intl@gmail.com<\/a>\u00a0or WhatsApp : +41 79 952 02 64<\/p>\n\n\n\n<p>*************************************<\/p>\n\n\n\n<p>LGBTIQ+ groupe \u00e9tranger.e.x.s Gen\u00e8ve vous propose un lieu de rencontre s\u00fbr (repas canadiens mensuels) et des informations pour les nouveaux arrivant(e)s LGBTIQ+. Nous r\u00e9pondons \u00e0 vos questions :\u00a0<a href=\"mailto:LGBTIQ.intl@gmail.com\">LGBTIQ.intl@gmail.com<\/a>\u00a0or WhatsApp : +41 79 952 02 64<\/p>\n\n\n\n<p>*************************************<\/p>\n\n\n\n<p>LGBTIQ+ Ginebra\u00a0<a rel=\"noreferrer noopener\" href=\"https:\/\/context.reverso.net\/traduction\/espagnol-francais\/extranjero\" target=\"_blank\">extranjer<\/a>@s\u00a0ofrece un espacio de encuentro seguro (cena compartida mensual) tanto como informaciones para las reci\u00e9n llegado\/as LGBTIQ +. Respondemos a sus preguntas :\u00a0<a href=\"mailto:LGBTIQ.intl@gmail.com\">LGBTIQ.intl@gmail.com<\/a>\u00a0or WhatsApp : +41 79 952 02 64<\/p>\n\n\n\n<p>*************************************<\/p>\n\n\n\n<p>LGBTIQ+ extranjer@s Genebra oferece um local de encontro seguro (jantares mensais compartidos), e informa\u00e7\u00f5es para os rec\u00e9m-chegados LGBTIQ+. Respondemos \u00e0s suas perguntas : <a href=\"mailto:LGBTIQ.intl@gmail.com\">LGBTIQ.intl@gmail.com<\/a>\u00a0ou WhatsApp : +41 79 952 02 64<\/p>\n\n\n\n<p>*************************************<\/p>\n\n\n\n<p>LGBTIQ+ Cenevre Yabanc\u0131lar Grubu, g\u00fcvenli bir bulu\u015fma yeri (ayl\u0131k ortak ak\u015fam yemekli toplant\u0131lar) ve yeni gelen LGBTIQ+ ki\u015filer i\u00e7in gerekli t\u00fcm bilgileri sunuyor. Sorular\u0131n\u0131z\u0131 yan\u0131tl\u0131yoruz :\u00a0<a href=\"mailto:LGBTIQ.intl@gmail.com\">LGBTIQ.intl@gmail.com<\/a>\u00a0veya WhatsApp: +41 78 780 78 07<br><br>******************************************<\/p>\n\n\n\n<p>LGBTIQ+ \u062c\u0646\u064a\u0641 \u064a\u0648\u0641\u0631 \u0645\u0643\u0627\u0646\u064b\u0627 \u0622\u0645\u0646\u064b\u0627 \u0644\u0644\u0627\u062c\u062a\u0645\u0627\u0639 (\u0648\u062c\u0628\u0627\u062a \u0639\u0634\u0627\u0621 \u0634\u0647\u0631\u064a\u0629 \u0639\u0644\u0649 \u0645\u0627\u0626\u062f\u0629 \u0627\u0644\u0637\u0639\u0627\u0645) \u0628\u0627\u0644\u0625\u0636\u0627\u0641\u0629 \u0625\u0644\u0649 \u0645\u0639\u0644\u0648\u0645\u0627\u062a \u0644\u0644\u0642\u0627\u062f\u0645\u064a\u0646 \u0627\u0644\u062c\u062f\u062f \u0645\u0646 \u0645\u062c\u062a\u0645\u0639 \u0627\u0644\u0645\u064a\u0645. \u0646\u062c\u064a\u0628 \u0639\u0644\u0649 \u0623\u0633\u0626\u0644\u062a\u0643 \u0628\u0640  .<\/p>\n\n\n\n<p><a href=\"mailto:LGBTIQ.intl@gmail.com%D8%A7%D9%84%D8%A8%D8%B1%D9%8A%D8%AF\">LGBTIQ.intl@gmail.com\u0627\u0644\u0628\u0631\u064a\u062f<\/a>&nbsp;\u0627\u0644\u0625\u0644\u0643\u062a\u0631\u0648\u0646\u064a<\/p>\n\n\n\n<p>\u0631\u0642\u0645 \u0627\u0644\u0647\u0627\u062a\u0641 \u0627\u0644\u0645\u062d\u0645\u0648\u0644+41 79 952 02 64<\/p>\n\n\n\n<p>*************************************<\/p>\n\n\n\n<p>LGBTIQ+ \u0416\u0435\u043d\u0435\u0432\u0430 \u043f\u0440\u0435\u0434\u043b\u0430\u0433\u0430\u0435\u0442 \u0431\u0435\u0437\u043e\u043f\u0430\u0441\u043d\u043e\u0435 \u043c\u0435\u0441\u0442\u043e \u0434\u043b\u044f \u0432\u0441\u0442\u0440\u0435\u0447 (\u0435\u0436\u0435\u043c\u0435\u0441\u044f\u0447\u043d\u044b\u0435 \u043e\u0431\u0435\u0434\u044b \u0432 \u0441\u043a\u043b\u0430\u0434\u0447\u0438\u043d\u0443), \u0430 \u0442\u0430\u043a\u0436\u0435 \u0438\u043d\u0444\u043e\u0440\u043c\u0430\u0446\u0438\u044e \u0434\u043b\u044f \u043d\u0435\u0434\u0430\u0432\u043d\u043e \u043f\u0440\u0438\u0431\u044b\u0432\u0448\u0438\u043c\u0438 LGBTIQ+. \u041c\u044b \u043e\u0442\u0432\u0435\u0447\u0430\u0435\u043c \u043d\u0430 \u0432\u0430\u0448\u0438 \u0432\u043e\u043f\u0440\u043e\u0441\u044b : \u044d\u043b\u0435\u043a\u0442\u0440\u043e\u043d\u043d\u0430\u044f\u00a0\u043f\u043e\u0447\u0442\u0430 :\u00a0<a href=\"mailto:LGBTIQ.intl@gmail.com\">LGBTIQ.intl@gmail.com<\/a><\/p>\n\n\n\n<p>WhatsApp : +41 79 952 02 64<\/p>\n\n\n\n<p>*************************************<\/p>\n\n\n\n<p>LGBTIQ+ \u65e5\u5167\u74e6\u63d0\u4f9b\u5b89\u5168\u7684\u6703\u8b70(\u6bcf\u6708\u81ea\u5099\u98df\u7269\u548c\u98f2\u6599)\u4ee5\u53ca\u8cc7\u8a0a\u70ba\u525b\u4f86\u65e5\u5167\u74e6\u7684LGBTIQ +\u4eba\u5011. \u6211\u5011\u7528\u00a0\u56de\u7b54\u60a8\u7684\u554f\u984c:\u00a0<a href=\"mailto:LGBTIQ.intl@gmail.com\">LGBTIQ.intl@gmail.com<\/a>\u00a0\u6216 WhatsApp : +41 79 952 02 64<\/p>\n\n\n\n<p>*************************************<\/p>\n","protected":false},"excerpt":{"rendered":"<p>LGBTIQ+ foreigners group Geneva offers a safe meeting place (monthly pot-luck dinners) as well as information for LGBTIQ+ newcomers. We answer your questions at : LGBTIQ.intl@gmail.com\u00a0or WhatsApp : +41 79 952 02 64 ************************************* LGBTIQ+ groupe \u00e9tranger.e.x.s Gen\u00e8ve vous propose un lieu de rencontre s\u00fbr (repas canadiens mensuels) et des informations pour les nouveaux arrivant(e)s [&hellip;]<\/p>\n","protected":false},"author":1005,"featured_media":0,"parent":0,"menu_order":0,"comment_status":"closed","ping_status":"closed","template":"","meta":{"_genesis_hide_title":false,"_genesis_hide_breadcrumbs":false,"_genesis_hide_singular_image":false,"_genesis_hide_footer_widgets":false,"_genesis_custom_body_class":"","_genesis_custom_post_class":"","_genesis_layout":""},"categories":[],"tags":[],"featured_image_src":null,"featured_image_src_square":null,"_links":{"self":[{"href":"https:\/\/association360.ch\/lgbtiqplus-foreigners-group\/wp-json\/wp\/v2\/pages\/17"}],"collection":[{"href":"https:\/\/association360.ch\/lgbtiqplus-foreigners-group\/wp-json\/wp\/v2\/pages"}],"about":[{"href":"https:\/\/association360.ch\/lgbtiqplus-foreigners-group\/wp-json\/wp\/v2\/types\/page"}],"author":[{"embeddable":true,"href":"https:\/\/association360.ch\/lgbtiqplus-foreigners-group\/wp-json\/wp\/v2\/users\/1005"}],"replies":[{"embeddable":true,"href":"https:\/\/association360.ch\/lgbtiqplus-foreigners-group\/wp-json\/wp\/v2\/comments?post=17"}],"version-history":[{"count":5,"href":"https:\/\/association360.ch\/lgbtiqplus-foreigners-group\/wp-json\/wp\/v2\/pages\/17\/revisions"}],"predecessor-version":[{"id":103,"href":"https:\/\/association360.ch\/lgbtiqplus-foreigners-group\/wp-json\/wp\/v2\/pages\/17\/revisions\/103"}],"wp:attachment":[{"href":"https:\/\/association360.ch\/lgbtiqplus-foreigners-group\/wp-json\/wp\/v2\/media?parent=17"}],"wp:term":[{"taxonomy":"category","embeddable":true,"href":"https:\/\/association360.ch\/lgbtiqplus-foreigners-group\/wp-json\/wp\/v2\/categories?post=17"},{"taxonomy":"post_tag","embeddable":true,"href":"https:\/\/association360.ch\/lgbtiqplus-foreigners-group\/wp-json\/wp\/v2\/tags?post=17"}],"curies":[{"name":"wp","href":"https:\/\/api.w.org\/{rel}","templated":true}]}}