{"id":23,"date":"2009-10-02T08:24:58","date_gmt":"2009-10-02T07:24:58","guid":{"rendered":"http:\/\/360.ch\/espace\/?page_id=23"},"modified":"2025-07-14T14:35:15","modified_gmt":"2025-07-14T13:35:15","slug":"tamalou","status":"publish","type":"page","link":"https:\/\/association360.ch\/tamalou\/tamalou\/","title":{"rendered":"Groupe Tamalou"},"content":{"rendered":"<p>Un groupe d\u2019accueil, de partage et de solidarit\u00e9 pour les ain\u00e9.e.s: les \u00abTamalou\u00bb, groupe de rencontre convivial ouvert \u00e0 toutes et \u00e0 tous et qui se retrouve une fois par mois, ainsi que tous les mardis pour un ap\u00e9ro en Ville de Gen\u00e8ve (voir <a href=\"http:\/\/association360.ch\/tamalou\/agenda\/\" target=\"_blank\" rel=\"noopener noreferrer\">agenda<\/a>).<\/p>\n<p>Informel, complice et festif, ce groupe compte une trentaine de personnes de 60 \u00e0 88 ans (voire plus \u00e2g\u00e9.e.s) auxquelles viennent se joindre d\u2019autres membres de l\u2019association. Ses activit\u00e9s comprennent \u00e9galement des sorties cin\u00e9ma, des repas, des spectacles, des ap\u00e9ros et des pique-niques.<\/p>\n<p>Les activit\u00e9s du groupe sont empreintes d\u2019une forte solidarit\u00e9 qui se traduit par un r\u00e9seau d\u2019entraide spontan\u00e9e lorsqu\u2019il s\u2019agit d\u2019\u00e9pauler un.e membre hospitalis\u00e9.e ou convalescent.e, par des visites ou une aide \u00e0 domicile.<\/p>\n<p>L&rsquo;association 360 et son groupe Tamalou est membre de la <a href=\"http:\/\/www.plateformeaines.ch\" target=\"_blank\" rel=\"noopener noreferrer\">PLATEFORME r\u00e9seau seniors de Gen\u00e8ve<\/a>.<strong><br \/><\/strong><\/p>\n<p>Contact : Gaston (responsable de groupe) au <strong>+41 76 400 26 66 <\/strong>ou \u00e0 l&rsquo;adresse\u00a0 <a href=\"mailto:tamalou@association360.ch\">tamalou@association360.ch<\/a><\/p>\n<p><a href=\"https:\/\/www.facebook.com\/groups\/tamalou360\/\" target=\"_blank\" rel=\"noopener noreferrer\">Groupe Facebook<\/a><\/p>\n<div class=\"post\">\u00a0<\/div>\n\n\n<div class=\"wp-block-blockgallery-masonry alignwide\"><div class=\"blockgallery has-caption-style-dark has-gutter\"><ul class=\"has-grid-lrg has-gutter-15 has-gutter-mobile-15\"><li class=\"blockgallery--item\"><figure class=\"blockgallery--figure\"><img loading=\"lazy\" decoding=\"async\" width=\"960\" height=\"540\" src=\"https:\/\/association360.ch\/tamalou\/wp-content\/uploads\/sites\/5\/2020\/04\/20190918_jean-claude2.jpg\" alt=\"\" data-id=\"839\" data-link=\"https:\/\/association360.ch\/tamalou\/tamalou\/20190918_jean-claude2\/\" class=\"wp-image-839\" srcset=\"https:\/\/association360.ch\/tamalou\/wp-content\/uploads\/sites\/5\/2020\/04\/20190918_jean-claude2.jpg 960w, https:\/\/association360.ch\/tamalou\/wp-content\/uploads\/sites\/5\/2020\/04\/20190918_jean-claude2-300x169.jpg 300w, https:\/\/association360.ch\/tamalou\/wp-content\/uploads\/sites\/5\/2020\/04\/20190918_jean-claude2-768x432.jpg 768w\" sizes=\"auto, (max-width: 960px) 100vw, 960px\" \/><\/figure><\/li><li class=\"blockgallery--item\"><figure class=\"blockgallery--figure\"><img loading=\"lazy\" decoding=\"async\" width=\"1024\" height=\"768\" src=\"https:\/\/association360.ch\/tamalou\/wp-content\/uploads\/sites\/5\/2020\/04\/20190706_groupe2-1024x768.jpg\" alt=\"\" data-id=\"838\" data-link=\"https:\/\/association360.ch\/tamalou\/tamalou\/20190706_groupe2\/\" class=\"wp-image-838\" srcset=\"https:\/\/association360.ch\/tamalou\/wp-content\/uploads\/sites\/5\/2020\/04\/20190706_groupe2-1024x768.jpg 1024w, https:\/\/association360.ch\/tamalou\/wp-content\/uploads\/sites\/5\/2020\/04\/20190706_groupe2-300x225.jpg 300w, https:\/\/association360.ch\/tamalou\/wp-content\/uploads\/sites\/5\/2020\/04\/20190706_groupe2-768x576.jpg 768w, https:\/\/association360.ch\/tamalou\/wp-content\/uploads\/sites\/5\/2020\/04\/20190706_groupe2-1536x1152.jpg 1536w, https:\/\/association360.ch\/tamalou\/wp-content\/uploads\/sites\/5\/2020\/04\/20190706_groupe2.jpg 1760w\" sizes=\"auto, (max-width: 1024px) 100vw, 1024px\" \/><\/figure><\/li><li class=\"blockgallery--item\"><figure class=\"blockgallery--figure\"><img loading=\"lazy\" decoding=\"async\" width=\"1024\" height=\"682\" src=\"https:\/\/association360.ch\/tamalou\/wp-content\/uploads\/sites\/5\/2020\/04\/20200220_fondue_8-1024x682.jpg\" alt=\"\" data-id=\"837\" data-link=\"https:\/\/association360.ch\/tamalou\/tamalou\/20200220_fondue_8\/\" class=\"wp-image-837\" srcset=\"https:\/\/association360.ch\/tamalou\/wp-content\/uploads\/sites\/5\/2020\/04\/20200220_fondue_8-1024x682.jpg 1024w, https:\/\/association360.ch\/tamalou\/wp-content\/uploads\/sites\/5\/2020\/04\/20200220_fondue_8-300x200.jpg 300w, https:\/\/association360.ch\/tamalou\/wp-content\/uploads\/sites\/5\/2020\/04\/20200220_fondue_8-768x511.jpg 768w, https:\/\/association360.ch\/tamalou\/wp-content\/uploads\/sites\/5\/2020\/04\/20200220_fondue_8-1536x1023.jpg 1536w, https:\/\/association360.ch\/tamalou\/wp-content\/uploads\/sites\/5\/2020\/04\/20200220_fondue_8-600x400.jpg 600w, https:\/\/association360.ch\/tamalou\/wp-content\/uploads\/sites\/5\/2020\/04\/20200220_fondue_8.jpg 2000w\" sizes=\"auto, (max-width: 1024px) 100vw, 1024px\" \/><\/figure><\/li><li class=\"blockgallery--item\"><figure class=\"blockgallery--figure\"><img loading=\"lazy\" decoding=\"async\" width=\"504\" height=\"750\" src=\"https:\/\/association360.ch\/tamalou\/wp-content\/uploads\/sites\/5\/2013\/09\/DSC_0247.jpg\" alt=\"\" data-id=\"316\" data-link=\"https:\/\/association360.ch\/tamalou\/galerie\/dsc_0247\/\" class=\"wp-image-316\" srcset=\"https:\/\/association360.ch\/tamalou\/wp-content\/uploads\/sites\/5\/2013\/09\/DSC_0247.jpg 504w, https:\/\/association360.ch\/tamalou\/wp-content\/uploads\/sites\/5\/2013\/09\/DSC_0247-201x300.jpg 201w\" sizes=\"auto, (max-width: 504px) 100vw, 504px\" \/><\/figure><\/li><li class=\"blockgallery--item\"><figure class=\"blockgallery--figure\"><img loading=\"lazy\" decoding=\"async\" width=\"851\" height=\"572\" src=\"https:\/\/association360.ch\/tamalou\/wp-content\/uploads\/sites\/5\/2013\/09\/DSC_0248.jpg\" alt=\"\" data-id=\"317\" data-link=\"https:\/\/association360.ch\/tamalou\/galerie\/dsc_0248\/\" class=\"wp-image-317\" srcset=\"https:\/\/association360.ch\/tamalou\/wp-content\/uploads\/sites\/5\/2013\/09\/DSC_0248.jpg 851w, https:\/\/association360.ch\/tamalou\/wp-content\/uploads\/sites\/5\/2013\/09\/DSC_0248-300x201.jpg 300w\" sizes=\"auto, (max-width: 851px) 100vw, 851px\" \/><\/figure><\/li><li class=\"blockgallery--item\"><figure class=\"blockgallery--figure\"><img loading=\"lazy\" decoding=\"async\" width=\"1024\" height=\"768\" src=\"https:\/\/association360.ch\/tamalou\/wp-content\/uploads\/sites\/5\/2013\/09\/017-1024x768.jpg\" alt=\"\" data-id=\"312\" data-link=\"https:\/\/association360.ch\/tamalou\/galerie\/olympus-digital-camera-7\/\" class=\"wp-image-312\" srcset=\"https:\/\/association360.ch\/tamalou\/wp-content\/uploads\/sites\/5\/2013\/09\/017-1024x768.jpg 1024w, https:\/\/association360.ch\/tamalou\/wp-content\/uploads\/sites\/5\/2013\/09\/017-300x224.jpg 300w, https:\/\/association360.ch\/tamalou\/wp-content\/uploads\/sites\/5\/2013\/09\/017-98x73.jpg 98w\" sizes=\"auto, (max-width: 1024px) 100vw, 1024px\" \/><\/figure><\/li><li class=\"blockgallery--item\"><figure class=\"blockgallery--figure\"><img loading=\"lazy\" decoding=\"async\" width=\"640\" height=\"480\" src=\"https:\/\/association360.ch\/tamalou\/wp-content\/uploads\/sites\/5\/2013\/09\/13.jpg\" alt=\"\" data-id=\"307\" data-link=\"https:\/\/association360.ch\/tamalou\/galerie\/attachment\/13\/\" class=\"wp-image-307\" srcset=\"https:\/\/association360.ch\/tamalou\/wp-content\/uploads\/sites\/5\/2013\/09\/13.jpg 640w, https:\/\/association360.ch\/tamalou\/wp-content\/uploads\/sites\/5\/2013\/09\/13-300x225.jpg 300w, https:\/\/association360.ch\/tamalou\/wp-content\/uploads\/sites\/5\/2013\/09\/13-98x73.jpg 98w\" sizes=\"auto, (max-width: 640px) 100vw, 640px\" \/><\/figure><\/li><li class=\"blockgallery--item\"><figure class=\"blockgallery--figure\"><img loading=\"lazy\" decoding=\"async\" width=\"1024\" height=\"768\" src=\"https:\/\/association360.ch\/tamalou\/wp-content\/uploads\/sites\/5\/2013\/09\/012-1024x768.jpg\" alt=\"\" data-id=\"306\" data-link=\"https:\/\/association360.ch\/tamalou\/galerie\/olympus-digital-camera-2\/\" class=\"wp-image-306\" srcset=\"https:\/\/association360.ch\/tamalou\/wp-content\/uploads\/sites\/5\/2013\/09\/012-1024x768.jpg 1024w, https:\/\/association360.ch\/tamalou\/wp-content\/uploads\/sites\/5\/2013\/09\/012-300x224.jpg 300w, https:\/\/association360.ch\/tamalou\/wp-content\/uploads\/sites\/5\/2013\/09\/012-98x73.jpg 98w\" sizes=\"auto, (max-width: 1024px) 100vw, 1024px\" \/><\/figure><\/li><li class=\"blockgallery--item\"><figure class=\"blockgallery--figure\"><img loading=\"lazy\" decoding=\"async\" width=\"640\" height=\"480\" src=\"https:\/\/association360.ch\/tamalou\/wp-content\/uploads\/sites\/5\/2013\/09\/03.jpg\" alt=\"\" data-id=\"304\" data-link=\"https:\/\/association360.ch\/tamalou\/galerie\/attachment\/03\/\" class=\"wp-image-304\" srcset=\"https:\/\/association360.ch\/tamalou\/wp-content\/uploads\/sites\/5\/2013\/09\/03.jpg 640w, https:\/\/association360.ch\/tamalou\/wp-content\/uploads\/sites\/5\/2013\/09\/03-300x225.jpg 300w, https:\/\/association360.ch\/tamalou\/wp-content\/uploads\/sites\/5\/2013\/09\/03-98x73.jpg 98w\" sizes=\"auto, (max-width: 640px) 100vw, 640px\" \/><\/figure><\/li><\/ul><\/div><\/div>\n","protected":false},"excerpt":{"rendered":"<p>Un groupe d\u2019accueil, de partage et de solidarit\u00e9 pour les ain\u00e9.e.s: les \u00abTamalou\u00bb, groupe de rencontre convivial ouvert \u00e0 toutes et \u00e0 tous et qui se retrouve une fois par mois, ainsi que tous les mardis pour un ap\u00e9ro en Ville de Gen\u00e8ve (voir agenda). Informel, complice et festif, ce groupe compte une trentaine de [&hellip;]<\/p>\n","protected":false},"author":1,"featured_media":0,"parent":0,"menu_order":9,"comment_status":"closed","ping_status":"closed","template":"","meta":{"_genesis_hide_title":false,"_genesis_hide_breadcrumbs":false,"_genesis_hide_singular_image":true,"_genesis_hide_footer_widgets":false,"_genesis_custom_body_class":"","_genesis_custom_post_class":"","_genesis_layout":"","footnotes":""},"categories":[],"tags":[],"class_list":{"0":"post-23","1":"page","2":"type-page","3":"status-publish","4":"format-standard","6":"entry","7":"has-post-thumbnail"},"featured_image_src":null,"featured_image_src_square":null,"_links":{"self":[{"href":"https:\/\/association360.ch\/tamalou\/wp-json\/wp\/v2\/pages\/23","targetHints":{"allow":["GET"]}}],"collection":[{"href":"https:\/\/association360.ch\/tamalou\/wp-json\/wp\/v2\/pages"}],"about":[{"href":"https:\/\/association360.ch\/tamalou\/wp-json\/wp\/v2\/types\/page"}],"author":[{"embeddable":true,"href":"https:\/\/association360.ch\/tamalou\/wp-json\/wp\/v2\/users\/1"}],"replies":[{"embeddable":true,"href":"https:\/\/association360.ch\/tamalou\/wp-json\/wp\/v2\/comments?post=23"}],"version-history":[{"count":11,"href":"https:\/\/association360.ch\/tamalou\/wp-json\/wp\/v2\/pages\/23\/revisions"}],"predecessor-version":[{"id":1289,"href":"https:\/\/association360.ch\/tamalou\/wp-json\/wp\/v2\/pages\/23\/revisions\/1289"}],"wp:attachment":[{"href":"https:\/\/association360.ch\/tamalou\/wp-json\/wp\/v2\/media?parent=23"}],"wp:term":[{"taxonomy":"category","embeddable":true,"href":"https:\/\/association360.ch\/tamalou\/wp-json\/wp\/v2\/categories?post=23"},{"taxonomy":"post_tag","embeddable":true,"href":"https:\/\/association360.ch\/tamalou\/wp-json\/wp\/v2\/tags?post=23"}],"curies":[{"name":"wp","href":"https:\/\/api.w.org\/{rel}","templated":true}]}}