{"id":1231,"date":"2013-10-04T08:26:54","date_gmt":"2013-10-04T07:26:54","guid":{"rendered":"http:\/\/association360.ch\/trans\/?page_id=1231"},"modified":"2013-10-04T08:27:22","modified_gmt":"2013-10-04T07:27:22","slug":"archive-de-lagenda","status":"publish","type":"page","link":"https:\/\/association360.ch\/trans\/agenda\/archive-de-lagenda\/","title":{"rendered":"Archive de l&rsquo;agenda"},"content":{"rendered":"<div class=\"em em-view-container\" id=\"em-view-174597964\" data-view=\"list-grouped\">\r\n\t<div class=\"em-list em-events-list em-events-list-grouped\" id=\"em-events-list-grouped-174597964\">\r\n\t<h2>Mai 2026<\/h2><table cellpadding=\"0\" cellspacing=\"0\" id=\"current-events\" >\r\n    <thead>\r\n        <tr>\r\n\t\t\t<th width=\"150\">Date\/Heure<\/th>\r\n\t\t\t<th width=\"*\">Ev\u00e9nement<\/th>\r\n   \t<\/thead>\r\n    <tbody><tr>\r\n\t\t\t<td>\r\n                <h4>06.05.2026<\/h4>\r\n                18h30 - 20h30\r\n            <\/td>\r\n            <td><div class=\"alignleft\"><\/div>\r\n                <h3><a href=\"https:\/\/association360.ch\/trans\/agenda\/groupe-de-parole-2\/\">Groupe de parole<\/a><\/h3>\r\n                ,  \r\n            <\/td>\r\n        <\/tr><\/tbody><\/table><h2>Avr 2026<\/h2><table cellpadding=\"0\" cellspacing=\"0\" id=\"current-events\" >\r\n    <thead>\r\n        <tr>\r\n\t\t\t<th width=\"150\">Date\/Heure<\/th>\r\n\t\t\t<th width=\"*\">Ev\u00e9nement<\/th>\r\n   \t<\/thead>\r\n    <tbody><tr>\r\n\t\t\t<td>\r\n                <h4>13.04.2026<\/h4>\r\n                18h30 - 21h30\r\n            <\/td>\r\n            <td><div class=\"alignleft\"><\/div>\r\n                <h3><a href=\"https:\/\/association360.ch\/trans\/agenda\/soiree-collab-cineclub-dialogai\/\">Soir\u00e9e cin\u00e9 - collab avec Cin\u00e9Club de Dialogai<\/a><\/h3>\r\n                ,  \r\n            <\/td>\r\n        <\/tr><tr>\r\n\t\t\t<td>\r\n                <h4>01.04.2026<\/h4>\r\n                19h00 - 22h00\r\n            <\/td>\r\n            <td><div class=\"alignleft\"><\/div>\r\n                <h3><a href=\"https:\/\/association360.ch\/trans\/agenda\/soiree-a-la-comedie-performance-de-laurene-marx\/\">Soir\u00e9e \u00e0 La Com\u00e9die - Performance de Laur\u00e8ne Marx<\/a><\/h3>\r\n                ,  \r\n            <\/td>\r\n        <\/tr><\/tbody><\/table><h2>Mar 2026<\/h2><table cellpadding=\"0\" cellspacing=\"0\" id=\"current-events\" >\r\n    <thead>\r\n        <tr>\r\n\t\t\t<th width=\"150\">Date\/Heure<\/th>\r\n\t\t\t<th width=\"*\">Ev\u00e9nement<\/th>\r\n   \t<\/thead>\r\n    <tbody><tr>\r\n\t\t\t<td>\r\n                <h4>18.03.2026<\/h4>\r\n                18h30 - 20h30\r\n            <\/td>\r\n            <td><div class=\"alignleft\"><\/div>\r\n                <h3><a href=\"https:\/\/association360.ch\/trans\/agenda\/soiree-jeux-de-societe\/\">Soir\u00e9e jeux de soci\u00e9t\u00e9<\/a><\/h3>\r\n                ,  \r\n            <\/td>\r\n        <\/tr><tr>\r\n\t\t\t<td>\r\n                <h4>04.03.2026<\/h4>\r\n                18h30 - 20h30\r\n            <\/td>\r\n            <td><div class=\"alignleft\"><\/div>\r\n                <h3><a href=\"https:\/\/association360.ch\/trans\/agenda\/groupe-de-parole\/\">Groupe de parole<\/a><\/h3>\r\n                ,  \r\n            <\/td>\r\n        <\/tr><\/tbody><\/table><h2>F\u00e9v 2026<\/h2><table cellpadding=\"0\" cellspacing=\"0\" id=\"current-events\" >\r\n    <thead>\r\n        <tr>\r\n\t\t\t<th width=\"150\">Date\/Heure<\/th>\r\n\t\t\t<th width=\"*\">Ev\u00e9nement<\/th>\r\n   \t<\/thead>\r\n    <tbody><tr>\r\n\t\t\t<td>\r\n                <h4>04.02.2026<\/h4>\r\n                18h30 - 20h30\r\n            <\/td>\r\n            <td><div class=\"alignleft\"><\/div>\r\n                <h3><a href=\"https:\/\/association360.ch\/trans\/agenda\/soiree-jeux-video-groupe-trans-et-non-binaire\/\">Soir\u00e9e jeux vid\u00e9o - groupe trans et non binaire<\/a><\/h3>\r\n                ,  \r\n            <\/td>\r\n        <\/tr><\/tbody><\/table><h2>Jan 2026<\/h2><table cellpadding=\"0\" cellspacing=\"0\" id=\"current-events\" >\r\n    <thead>\r\n        <tr>\r\n\t\t\t<th width=\"150\">Date\/Heure<\/th>\r\n\t\t\t<th width=\"*\">Ev\u00e9nement<\/th>\r\n   \t<\/thead>\r\n    <tbody><tr>\r\n\t\t\t<td>\r\n                <h4>21.01.2026<\/h4>\r\n                18h30 - 20h30\r\n            <\/td>\r\n            <td><div class=\"alignleft\"><\/div>\r\n                <h3><a href=\"https:\/\/association360.ch\/trans\/agenda\/3998\/\">Groupe de parole - Groupe trans et non binaire<\/a><\/h3>\r\n                ,  \r\n            <\/td>\r\n        <\/tr><\/tbody><\/table><h2>D\u00e9c 2025<\/h2><table cellpadding=\"0\" cellspacing=\"0\" id=\"current-events\" >\r\n    <thead>\r\n        <tr>\r\n\t\t\t<th width=\"150\">Date\/Heure<\/th>\r\n\t\t\t<th width=\"*\">Ev\u00e9nement<\/th>\r\n   \t<\/thead>\r\n    <tbody><tr>\r\n\t\t\t<td>\r\n                <h4>10.12.2025<\/h4>\r\n                18h30 - 20h30\r\n            <\/td>\r\n            <td><div class=\"alignleft\"><\/div>\r\n                <h3><a href=\"https:\/\/association360.ch\/trans\/agenda\/transclette-party\/\">Trans&#039;clette Party<\/a><\/h3>\r\n                ,  \r\n            <\/td>\r\n        <\/tr><tr>\r\n\t\t\t<td>\r\n                <h4>03.12.2025<\/h4>\r\n                18h30 - 20h30\r\n            <\/td>\r\n            <td><div class=\"alignleft\"><\/div>\r\n                <h3><a href=\"https:\/\/association360.ch\/trans\/agenda\/soiree-du-groupe-trans-et-non-binaire-5\/\">Groupe de parole - groupe trans et non binaire<\/a><\/h3>\r\n                ,  \r\n            <\/td>\r\n        <\/tr><\/tbody><\/table><h2>Nov 2025<\/h2><table cellpadding=\"0\" cellspacing=\"0\" id=\"current-events\" >\r\n    <thead>\r\n        <tr>\r\n\t\t\t<th width=\"150\">Date\/Heure<\/th>\r\n\t\t\t<th width=\"*\">Ev\u00e9nement<\/th>\r\n   \t<\/thead>\r\n    <tbody><tr>\r\n\t\t\t<td>\r\n                <h4>22.11.2025<\/h4>\r\n                9h00 - 22h30\r\n            <\/td>\r\n            <td><div class=\"alignleft\"><\/div>\r\n                <h3><a href=\"https:\/\/association360.ch\/trans\/agenda\/journee-des-vies-trans-et-non-binaires-22-novembre-2025\/\">Journ\u00e9e des vies trans et non binaires - 22 novembre 2025<\/a><\/h3>\r\n                ,  \r\n            <\/td>\r\n        <\/tr><\/tbody><\/table><div class=\"em-pagination em-ajax\" data-em-ajax=\"id=174597964&amp;scope=past&amp;order=DESC&amp;action=search_events\"> <span class=\"page-numbers current\">1<\/span><span class=\"not-current second-half\"> <a class=\"page-numbers\" href=\"\/trans\/wp-json\/wp\/v2\/pages\/1231?pno=2\" title=\"2\">2<\/a>  <a class=\"page-numbers\" href=\"\/trans\/wp-json\/wp\/v2\/pages\/1231?pno=3\" title=\"3\">3<\/a>  <a class=\"page-numbers\" href=\"\/trans\/wp-json\/wp\/v2\/pages\/1231?pno=4\" title=\"4\">4<\/a>  <a class=\"page-numbers\" href=\"\/trans\/wp-json\/wp\/v2\/pages\/1231?pno=5\" title=\"5\">5<\/a>  <a class=\"page-numbers\" href=\"\/trans\/wp-json\/wp\/v2\/pages\/1231?pno=6\" title=\"6\">6<\/a>  <a class=\"page-numbers\" href=\"\/trans\/wp-json\/wp\/v2\/pages\/1231?pno=7\" title=\"7\">7<\/a>  <a class=\"page-numbers\" href=\"\/trans\/wp-json\/wp\/v2\/pages\/1231?pno=8\" title=\"8\">8<\/a>  <a class=\"page-numbers\" href=\"\/trans\/wp-json\/wp\/v2\/pages\/1231?pno=9\" title=\"9\">9<\/a>  <a class=\"page-numbers\" href=\"\/trans\/wp-json\/wp\/v2\/pages\/1231?pno=10\" title=\"10\">10<\/a> <\/span> <a class=\"page-numbers\" href=\"\/trans\/wp-json\/wp\/v2\/pages\/1231?pno=11\" title=\"11\">11<\/a>  <a class=\"page-numbers\" href=\"\/trans\/wp-json\/wp\/v2\/pages\/1231?pno=12\" title=\"12\">12<\/a>  <a class=\"next page-numbers\" href=\"\/trans\/wp-json\/wp\/v2\/pages\/1231?pno=2\" title=\"2\">&gt;<\/a>  <a class=\"next last page-numbers\" href=\"\/trans\/wp-json\/wp\/v2\/pages\/1231?pno=32\" title=\"32\">&gt;&gt;<\/a> <\/div>\t<\/div>\r\n<\/div>\n","protected":false},"excerpt":{"rendered":"","protected":false},"author":1,"featured_media":0,"parent":3,"menu_order":0,"comment_status":"open","ping_status":"open","template":"","meta":{"_genesis_hide_title":false,"_genesis_hide_breadcrumbs":false,"_genesis_hide_singular_image":false,"_genesis_hide_footer_widgets":false,"_genesis_custom_body_class":"","_genesis_custom_post_class":"","_genesis_layout":"","footnotes":""},"categories":[],"tags":[],"class_list":{"0":"post-1231","1":"page","2":"type-page","3":"status-publish","4":"format-standard","6":"entry"},"featured_image_src":null,"featured_image_src_square":null,"_links":{"self":[{"href":"https:\/\/association360.ch\/trans\/wp-json\/wp\/v2\/pages\/1231","targetHints":{"allow":["GET"]}}],"collection":[{"href":"https:\/\/association360.ch\/trans\/wp-json\/wp\/v2\/pages"}],"about":[{"href":"https:\/\/association360.ch\/trans\/wp-json\/wp\/v2\/types\/page"}],"author":[{"embeddable":true,"href":"https:\/\/association360.ch\/trans\/wp-json\/wp\/v2\/users\/1"}],"replies":[{"embeddable":true,"href":"https:\/\/association360.ch\/trans\/wp-json\/wp\/v2\/comments?post=1231"}],"version-history":[{"count":1,"href":"https:\/\/association360.ch\/trans\/wp-json\/wp\/v2\/pages\/1231\/revisions"}],"predecessor-version":[{"id":1232,"href":"https:\/\/association360.ch\/trans\/wp-json\/wp\/v2\/pages\/1231\/revisions\/1232"}],"up":[{"embeddable":true,"href":"https:\/\/association360.ch\/trans\/wp-json\/wp\/v2\/pages\/3"}],"wp:attachment":[{"href":"https:\/\/association360.ch\/trans\/wp-json\/wp\/v2\/media?parent=1231"}],"wp:term":[{"taxonomy":"category","embeddable":true,"href":"https:\/\/association360.ch\/trans\/wp-json\/wp\/v2\/categories?post=1231"},{"taxonomy":"post_tag","embeddable":true,"href":"https:\/\/association360.ch\/trans\/wp-json\/wp\/v2\/tags?post=1231"}],"curies":[{"name":"wp","href":"https:\/\/api.w.org\/{rel}","templated":true}]}}