{"id":17,"date":"2009-10-01T21:58:44","date_gmt":"2009-10-01T20:58:44","guid":{"rendered":"http:\/\/360.ch\/trans\/?page_id=3"},"modified":"2025-10-13T15:40:34","modified_gmt":"2025-10-13T14:40:34","slug":"pole-trans","status":"publish","type":"page","link":"https:\/\/association360.ch\/trans\/pole-trans\/","title":{"rendered":"Le P\u00f4le Trans et Non Binaire"},"content":{"rendered":"<p><strong>Le P\u00f4le Trans et Non Binaire<\/strong> propose un espace de rencontre, de discussion et de soutien aux personnes transgenres, genderqueers, non-binaires, agenres et \u00e0 toutes les personnes concern\u00e9es par les questions d\u2019identit\u00e9 li\u00e9es au genre, ou les personnes en questionnement.<\/p>\n<p>Les personnes concern\u00e9es peuvent ainsi b\u00e9n\u00e9ficier d\u2019une structure d\u2019accueil, d\u2019\u00e9coute et d&rsquo;accompagnement , capable de r\u00e9pondre aux nombreuses questions qui se posent. En particulier celles qui ont trait aux questions li\u00e9es \u00e0 un parcours de transition ou \u00e0 la fa\u00e7on de vivre une identit\u00e9 de genre consid\u00e9r\u00e9e \u00ab\u00a0atypique\u00a0\u00bb.<\/p>\n<p>Au sein du P\u00f4le Trans et Non Binaire, vous pouvez rencontrer d&rsquo;autres personnes qui vivent un parcours de transidentit\u00e9, similaire au v\u00f4tre, ou diff\u00e9rente, et certaines qui ont d\u00e9j\u00e0 v\u00e9cu leur transition avec succ\u00e8s. C&rsquo;est extr\u00eamement b\u00e9n\u00e9fique de sentir qu&rsquo;on est pas seul-e-x avec ces questionnements li\u00e9s \u00e0 l&rsquo;identit\u00e9 de genre et de voir que d&rsquo;autres arrivent \u00e0 tr\u00e8s bien vivre en accord avec.<\/p>\n<p><strong>Le P\u00f4le Trans et Non Binaire<\/strong> propose:<\/p>\n<ul>\n<li>des <strong><a title=\"Groupe de discussion\" href=\"http:\/\/association360.ch\/trans\/groupe-de-discussion\/\">soir\u00e9es \u00e0 th\u00e8mes\/activit\u00e9s et des groupes de discussion et de soutien<\/a><\/strong> deux fois par mois, en fin de journ\u00e9e. Veillez \u00e0 bien consulter nos dates sur notre <a title=\"Agenda\" href=\"http:\/\/association360.ch\/trans\/agenda\/\">agenda ;<\/a><\/li>\n<li>une <strong><a title=\"Permanence d\u2019\u00e9coute et de soutien\" href=\"http:\/\/association360.ch\/trans\/le-groupe-trans\/permanence-ecoute-et-soutien\/\">permanence t\u00e9l\u00e9phonique<\/a><\/strong> d&rsquo;\u00e9coute et de conseils le mercredi au 078 322 34 60 WhatsApp et Signal disponibles (vous pouvez laisser des messages par e-mail, sms ou sur whatsapp\/signal) ;<\/li>\n<li>des <strong><a title=\"Permanence d\u2019\u00e9coute et de soutien\" href=\"http:\/\/association360.ch\/trans\/le-groupe-trans\/permanence-ecoute-et-soutien\/\">entretiens individuels<\/a><\/strong> et confidentiels <span style=\"text-decoration: underline\">sur rendez-vous<\/span>, avec des personnes concern\u00e9es et\/ou leurs proches\u00a0;<\/li>\n<li><strong><span style=\"color: #000000\">un soutien <\/span><\/strong>et <strong>accompagnement<\/strong> dans vos d\u00e9marches ;<\/li>\n<li><strong>un soutien aux proches <\/strong>: les entretiens individuels et la permanence t\u00e9l\u00e9phonique sont ouvertes aux parents, proches, ami-e-x-s et conjoint-e-x-s de personnes trans et non binaire.<\/li>\n<li>des\u00a0<strong>formations et sensibilisations<\/strong> sur les transidentit\u00e9s et la non-binarit\u00e9 (introduction, enjeux et r\u00e9alit\u00e9s, etc.)<\/li>\n<\/ul>\n<p>Collaboration:\u00a0 \u00a0 \u00a0 \u00a0 \u00a0 \u00a0 \u00a0 \u00a0 \u00a0 \u00a0 \u00a0 \u00a0 \u00a0 \u00a0 \u00a0 \u00a0 \u00a0 \u00a0 \u00a0 \u00a0 \u00a0 \u00a0 \u00a0 \u00a0 \u00a0 \u00a0 \u00a0 \u00a0 \u00a0 \u00a0 \u00a0 \u00a0 \u00a0 \u00a0 \u00a0 \u00a0 \u00a0 \u00a0 \u00a0 \u00a0 \u00a0 \u00a0 \u00a0 \u00a0 \u00a0 \u00a0 \u00a0 \u00a0 \u00a0 \u00a0 \u00a0 \u00a0 \u00a0 \u00a0 \u00a0 \u00a0 \u00a0 \u00a0 \u00a0 \u00a0 \u00a0 \u00a0 \u00a0 \u00a0 \u00a0 \u00a0 \u00a0 \u00a0 \u00a0 \u00a0 \u00a0 \u00a0 \u00a0 \u00a0 \u00a0 \u00a0 \u00a0 \u00a0 <a href=\"https:\/\/www.ekivock.ch\/groupes-de-parole\/\" target=\"_blank\" rel=\"noopener noreferrer\">Ekivock<\/a><\/p>\n<p><strong>Contact<\/strong>:<br \/>\n<a href=\"mailto:trans@association360.ch\">trans@association360.ch<br \/>\n<\/a>t\u00e9l. : + 41 (0)78 322 34 60<\/p>\n<p><strong>Adresse:<\/strong><br \/>\nAssociation 360<br \/>\nrue de la Navigation 36<br \/>\nP\u00e2quis, Gen\u00e8ve<\/p>\n","protected":false},"excerpt":{"rendered":"<p>Le P\u00f4le Trans et Non Binaire propose un espace de rencontre, de discussion et de soutien aux personnes transgenres, genderqueers, non-binaires, agenres et \u00e0 toutes les personnes concern\u00e9es par les questions d\u2019identit\u00e9 li\u00e9es au genre, ou les personnes en questionnement. Les personnes concern\u00e9es peuvent ainsi b\u00e9n\u00e9ficier d\u2019une structure d\u2019accueil, d\u2019\u00e9coute et d&rsquo;accompagnement , capable de [&hellip;]<\/p>\n","protected":false},"author":1,"featured_media":0,"parent":0,"menu_order":0,"comment_status":"closed","ping_status":"closed","template":"","meta":{"_genesis_hide_title":false,"_genesis_hide_breadcrumbs":false,"_genesis_hide_singular_image":false,"_genesis_hide_footer_widgets":false,"_genesis_custom_body_class":"","_genesis_custom_post_class":"","_genesis_layout":"","footnotes":""},"categories":[],"tags":[],"class_list":{"0":"post-17","1":"page","2":"type-page","3":"status-publish","4":"format-standard","6":"entry","7":"has-post-thumbnail"},"featured_image_src":null,"featured_image_src_square":null,"_links":{"self":[{"href":"https:\/\/association360.ch\/trans\/wp-json\/wp\/v2\/pages\/17","targetHints":{"allow":["GET"]}}],"collection":[{"href":"https:\/\/association360.ch\/trans\/wp-json\/wp\/v2\/pages"}],"about":[{"href":"https:\/\/association360.ch\/trans\/wp-json\/wp\/v2\/types\/page"}],"author":[{"embeddable":true,"href":"https:\/\/association360.ch\/trans\/wp-json\/wp\/v2\/users\/1"}],"replies":[{"embeddable":true,"href":"https:\/\/association360.ch\/trans\/wp-json\/wp\/v2\/comments?post=17"}],"version-history":[{"count":10,"href":"https:\/\/association360.ch\/trans\/wp-json\/wp\/v2\/pages\/17\/revisions"}],"predecessor-version":[{"id":3878,"href":"https:\/\/association360.ch\/trans\/wp-json\/wp\/v2\/pages\/17\/revisions\/3878"}],"wp:attachment":[{"href":"https:\/\/association360.ch\/trans\/wp-json\/wp\/v2\/media?parent=17"}],"wp:term":[{"taxonomy":"category","embeddable":true,"href":"https:\/\/association360.ch\/trans\/wp-json\/wp\/v2\/categories?post=17"},{"taxonomy":"post_tag","embeddable":true,"href":"https:\/\/association360.ch\/trans\/wp-json\/wp\/v2\/tags?post=17"}],"curies":[{"name":"wp","href":"https:\/\/api.w.org\/{rel}","templated":true}]}}