{"id":18,"date":"2009-10-01T22:01:41","date_gmt":"2009-10-01T21:01:41","guid":{"rendered":"http:\/\/360.ch\/trans\/?page_id=5"},"modified":"2016-11-23T17:59:56","modified_gmt":"2016-11-23T16:59:56","slug":"premiers-pas","status":"publish","type":"page","link":"https:\/\/association360.ch\/trans\/conseils\/premiers-pas\/","title":{"rendered":"Premiers pas"},"content":{"rendered":"<p><a href=\"http:\/\/association360.ch\/trans\/wp-content\/uploads\/sites\/4\/2009\/10\/10070_525007110878487_1682529224_n.jpg\"><img loading=\"lazy\" decoding=\"async\" class=\"size-medium wp-image-1740 alignleft\" alt=\"Pour \u00eatre belle ou beau, il faut \u00eatre sois m\u00eame!\" src=\"http:\/\/association360.ch\/trans\/wp-content\/uploads\/sites\/4\/2009\/10\/10070_525007110878487_1682529224_n-300x278.jpg\" width=\"160\" height=\"148\" srcset=\"https:\/\/association360.ch\/trans\/wp-content\/uploads\/sites\/4\/2009\/10\/10070_525007110878487_1682529224_n-300x278.jpg 300w, https:\/\/association360.ch\/trans\/wp-content\/uploads\/sites\/4\/2009\/10\/10070_525007110878487_1682529224_n.jpg 550w\" sizes=\"auto, (max-width: 160px) 100vw, 160px\" \/><\/a><em>\u00ab\u00a0Pour \u00eatre beauxe, il faut \u00eatre soi-m\u00eame. Vous n&rsquo;avez pas besoin d&rsquo;\u00eatre accept\u00e9-e par les autres. Il faut juste vous acceptez vous-m\u00eame.\u00a0\u00bb<\/em><\/p>\n<p>Vous ressentez que votre identit\u00e9 interne, votre identit\u00e9 de genre, ne correspond pas avec le sexe dans lequel on vous a assign\u00e9 \u00e0 la naissance.<\/p>\n<p>Vous serez lae seul-e \u00e0 savoir qui vous \u00eates r\u00e9ellement et \u00e0 prendre les d\u00e9cisions qui changeront le cours de votre existence. \u00c7a peut \u00eatre un travail de longue haleine, avec parfois des moments difficiles&#8230; mais surtout le bonheur de vous r\u00e9aliser \u00e0 la clef!<\/p>\n<p>Courage ! Il faut vous armer de patience, mais toute probl\u00e9matique a une issue !<\/p>\n<p><a href=\"http:\/\/association360.ch\/trans\/wp-content\/uploads\/sites\/4\/2009\/10\/380286_397281000349558_96827902_n.jpg\"><img loading=\"lazy\" decoding=\"async\" class=\"size-full wp-image-1743 alignleft\" alt=\"Ne perdez pas espoir, vous ne savez jamais ce que l'avenir vous r\u00e9serve\" src=\"http:\/\/association360.ch\/trans\/wp-content\/uploads\/sites\/4\/2009\/10\/380286_397281000349558_96827902_n.jpg\" width=\"248\" height=\"248\" srcset=\"https:\/\/association360.ch\/trans\/wp-content\/uploads\/sites\/4\/2009\/10\/380286_397281000349558_96827902_n.jpg 403w, https:\/\/association360.ch\/trans\/wp-content\/uploads\/sites\/4\/2009\/10\/380286_397281000349558_96827902_n-150x150.jpg 150w, https:\/\/association360.ch\/trans\/wp-content\/uploads\/sites\/4\/2009\/10\/380286_397281000349558_96827902_n-300x300.jpg 300w\" sizes=\"auto, (max-width: 248px) 100vw, 248px\" \/><\/a><em>\u00ab\u00a0Ne perdez pas espoir, vous ne savez jamais ce que l&rsquo;avenir vous r\u00e9serve!\u00a0\u00bb<\/em><\/p>\n<p>Vous pouvez devenir la belle personne que vous \u00eates!<\/p>\n<p>Les choses faites dans une d\u00e9marche coh\u00e9rente et r\u00e9fl\u00e9chie ne peuvent qu&rsquo;apporter leurs fruits, c&rsquo;est pourquoi, il est tr\u00e8s important de bien pr\u00e9parer votre chemin. Aujourd&rsquo;hui, les choses se \u00e9norm\u00e9ment am\u00e9lior\u00e9es pour les personnes transidentitaires: que ce soit au niveau l\u00e9gal, social et m\u00e9dical. C&rsquo;est possible changer de sexe et d&rsquo;\u00eatre reconnu-e dans cette nouvelle identit\u00e9 avec succ\u00e8s. C&rsquo;est possible de vivre une identit\u00e9 de genre atypique.<\/p>\n<p>Vous allez \u00e0 votre propre rencontre pour devenir la personne que vous \u00eates r\u00e9ellement! Et malgr\u00e9 toutes les difficult\u00e9s de ce chemin, vivre en accord avec son identit\u00e9 de genre et se r\u00e9aliser procure un grand bien-\u00eatre.<\/p>\n<p>En premier lieu, il s&rsquo;agit de trouver le courage d&rsquo;oser en parler et de chercher du soutien :<br \/>\n&#8211; dans le cadre d&rsquo;une association d&rsquo;aide (en Suisse: Groupe Trans 360, Permanence Trans Checkpoint Vaud, Fondation Agnodice, Transgender Network)<br \/>\n&#8211; avec une personne concern\u00e9e<br \/>\n&#8211; avec une personne proche de confiance<br \/>\n&#8211; Le fait d&rsquo;en parler avec un-e psychologue ou psychiatre, de pr\u00e9f\u00e9rence qui soit sensibilis\u00e9 aux questions transidentitaires (ou un-e praticien-ne en qui vous avez confiance) peut vous faire peur, mais\u00a0cette personne ne devrait pas avoir \u00e0 vous juger et pourrait vous aider dans les d\u00e9marches \u00e0 entreprendre.\u00a0Si vous ne vous sentez pas \u00e0 l&rsquo;aise ou en confiance, n&rsquo;h\u00e9sitez pas \u00e0 changer ! Vous en avez le droit !<\/p>\n<p>&#8211; Dans le cadre d&rsquo;une transition, la r\u00e9v\u00e9lation de votre situation transidentitaire (le coming out) \u00e0 votre entourage deviendra n\u00e9cessaire. Mais ne vous jetez pas t\u00eate baiss\u00e9e dans l&rsquo;id\u00e9e d&rsquo;en parler \u00e0 tout le monde ! Commencez d\u00e9j\u00e0 par une personne avec qui vous vous sentez en confiance, que vous pensez la plus apte \u00e0 entendre ce que vous avez \u00e0 lui dire, \u00e0 partager.<br \/>\nPetit \u00e0 petit, vous trouverez les mots pour le dire, vous prendrez confiance en vous et cela vous aidera \u00e0 verbaliser vos sentiments presque naturellement.<\/p>\n<p>Ne pr\u00e9cipitez rien, chaque chose en son temps !<\/p>\n<p><img loading=\"lazy\" decoding=\"async\" class=\"alignnone size-full wp-image-1741\" alt=\"Nouvel espoir\" src=\"http:\/\/association360.ch\/trans\/wp-content\/uploads\/sites\/4\/2009\/10\/73119_611784352183130_1516896161_n.jpg\" width=\"438\" height=\"294\" srcset=\"https:\/\/association360.ch\/trans\/wp-content\/uploads\/sites\/4\/2009\/10\/73119_611784352183130_1516896161_n.jpg 438w, https:\/\/association360.ch\/trans\/wp-content\/uploads\/sites\/4\/2009\/10\/73119_611784352183130_1516896161_n-300x200.jpg 300w\" sizes=\"auto, (max-width: 438px) 100vw, 438px\" \/><\/p>\n","protected":false},"excerpt":{"rendered":"<p>\u00ab\u00a0Pour \u00eatre beauxe, il faut \u00eatre soi-m\u00eame. Vous n&rsquo;avez pas besoin d&rsquo;\u00eatre accept\u00e9-e par les autres. Il faut juste vous acceptez vous-m\u00eame.\u00a0\u00bb Vous ressentez que votre identit\u00e9 interne, votre identit\u00e9 de genre, ne correspond pas avec le sexe dans lequel on vous a assign\u00e9 \u00e0 la naissance. Vous serez lae seul-e \u00e0 savoir qui vous [&hellip;]<\/p>\n","protected":false},"author":1,"featured_media":0,"parent":8,"menu_order":1,"comment_status":"closed","ping_status":"closed","template":"","meta":{"_genesis_hide_title":false,"_genesis_hide_breadcrumbs":false,"_genesis_hide_singular_image":false,"_genesis_hide_footer_widgets":false,"_genesis_custom_body_class":"","_genesis_custom_post_class":"","_genesis_layout":"","footnotes":""},"categories":[],"tags":[],"class_list":{"0":"post-18","1":"page","2":"type-page","3":"status-publish","4":"format-standard","6":"entry","7":"has-post-thumbnail"},"featured_image_src":null,"featured_image_src_square":null,"_links":{"self":[{"href":"https:\/\/association360.ch\/trans\/wp-json\/wp\/v2\/pages\/18","targetHints":{"allow":["GET"]}}],"collection":[{"href":"https:\/\/association360.ch\/trans\/wp-json\/wp\/v2\/pages"}],"about":[{"href":"https:\/\/association360.ch\/trans\/wp-json\/wp\/v2\/types\/page"}],"author":[{"embeddable":true,"href":"https:\/\/association360.ch\/trans\/wp-json\/wp\/v2\/users\/1"}],"replies":[{"embeddable":true,"href":"https:\/\/association360.ch\/trans\/wp-json\/wp\/v2\/comments?post=18"}],"version-history":[{"count":10,"href":"https:\/\/association360.ch\/trans\/wp-json\/wp\/v2\/pages\/18\/revisions"}],"predecessor-version":[{"id":2790,"href":"https:\/\/association360.ch\/trans\/wp-json\/wp\/v2\/pages\/18\/revisions\/2790"}],"up":[{"embeddable":true,"href":"https:\/\/association360.ch\/trans\/wp-json\/wp\/v2\/pages\/8"}],"wp:attachment":[{"href":"https:\/\/association360.ch\/trans\/wp-json\/wp\/v2\/media?parent=18"}],"wp:term":[{"taxonomy":"category","embeddable":true,"href":"https:\/\/association360.ch\/trans\/wp-json\/wp\/v2\/categories?post=18"},{"taxonomy":"post_tag","embeddable":true,"href":"https:\/\/association360.ch\/trans\/wp-json\/wp\/v2\/tags?post=18"}],"curies":[{"name":"wp","href":"https:\/\/api.w.org\/{rel}","templated":true}]}}