{"id":20,"date":"2009-10-01T22:16:21","date_gmt":"2009-10-01T21:16:21","guid":{"rendered":"http:\/\/360.ch\/trans\/?page_id=16"},"modified":"2018-04-03T17:27:16","modified_gmt":"2018-04-03T16:27:16","slug":"standards-de-soins","status":"publish","type":"page","link":"https:\/\/association360.ch\/trans\/conseils\/standards-de-soins\/","title":{"rendered":"Standards de soins"},"content":{"rendered":"<h2><a href=\"http:\/\/association360.ch\/trans\/wp-content\/uploads\/sites\/4\/2009\/10\/Standars-de-soin.jpg\"><img loading=\"lazy\" class=\"size-full wp-image-1268 alignnone\" src=\"http:\/\/association360.ch\/trans\/wp-content\/uploads\/sites\/4\/2009\/10\/Standars-de-soin.jpg\" alt=\"Standars-de-soin\" width=\"408\" height=\"309\" srcset=\"https:\/\/association360.ch\/trans\/wp-content\/uploads\/sites\/4\/2009\/10\/Standars-de-soin.jpg 408w, https:\/\/association360.ch\/trans\/wp-content\/uploads\/sites\/4\/2009\/10\/Standars-de-soin-300x227.jpg 300w, https:\/\/association360.ch\/trans\/wp-content\/uploads\/sites\/4\/2009\/10\/Standars-de-soin-98x73.jpg 98w\" sizes=\"(max-width: 408px) 100vw, 408px\" \/><\/a><\/h2>\n<h2>Standards de soins pour la sant\u00e9 des personnes transsexuelles, transgenres et de genre non-conforme<\/h2>\n<p>T\u00e9l\u00e9chargez le document complet ici: <a href=\"https:\/\/www.wpath.org\/soc-languages\" target=\"_blank\"><strong>Standards de soins WPATH <\/strong><\/a>(le document existe dans 18 langues)<\/p>\n<p>Les standards de soins constituent la r\u00e9f\u00e9rence au niveau mondial sur laquelle se basent les professionnels de la sant\u00e9 pour les traitements m\u00e9dicaux destin\u00e9s aux personnes trans* et les \u00e9tapes li\u00e9es \u00e0 la transition. Ces standards de soins sont \u00e0 consid\u00e9rer (y compris pour les professionnels) comme des recommandations et non des r\u00e8gles absolues.<\/p>\n<p>L\u2019Association mondiale des professionnels en sant\u00e9 transgenre (WPATH) est une association professionnelle, internationale et multidisciplinaire dont la mission est de promouvoir le soin bas\u00e9 sur des preuves, l\u2019\u00e9ducation et la recherche, ainsi que des \u00e9l\u00e9ments p\u00e9dagogiques et politiques, orient\u00e9s vers le respect de la sant\u00e9 des personnes transgenres. La vision de la WPATH est de rassembler divers professionnels pour d\u00e9velopper de meilleures pratiques m\u00e9dicales et des politiques de soutien \u00e0 travers le monde, qui promeuvent la sant\u00e9, la recherche, l\u2019\u00e9ducation, le respect, la dignit\u00e9 et l\u2019\u00e9galit\u00e9 des personnes transsexuelles, transgenres et de genre non-conforme dans les diff\u00e9rents contextes culturels.<\/p>\n<p>Le but g\u00e9n\u00e9ral des SDS est de proposer des directives cliniques aux professionnels de la sant\u00e9 pour accompagner les personnes transsexuelles, transgenres et de genre non-conforme avec des dispositifs adapt\u00e9s et efficaces, afin que ces personnes puissent trouver un confort personnel avec leur \u2018moi genr\u00e9\u2019, ceci dans un but d\u2019optimiser leur \u00e9tat de sant\u00e9 g\u00e9n\u00e9ral, leur bien-\u00eatre psychologique et leur \u00e9panouissement personnel. Cette aide peut consister en soins primaires, gyn\u00e9cologiques et urologiques, des options de reproduction, des th\u00e9rapies de la voix et de la communication, des services de sant\u00e9 mentale (\u00e9valuation, conseil, psychoth\u00e9rapie), et des traitements hormonaux et chirurgicaux.<\/p>\n<p><strong>Les SDS sont des recommandations cliniques flexibles<\/strong> afin de tenir compte des diff\u00e9rents besoins en terme de sant\u00e9 des personnes transsexuelles, transgenres et de genre non-conforme. Bien que souples, les SDS proposent des standards de soins pour guider au mieux le traitement des personnes en situation de dysphorie de genre \u2013 definie au sens large, comme l\u2019inconfort ou la d\u00e9tresse caus\u00e9(e) par une discordance entre l\u2019identit\u00e9 de genre d\u2019une personne et son assignation sexuelle \u00e0 la naissance (ainsi que le r\u00f4le de genre associ\u00e9s et\/ou les caract\u00e8res sexuels primaires et secondaires).<\/p>\n<p>Les \u00e9l\u00e9ments cliniques de d\u00e9part des SDS peuvent varier selon l\u2019anatomie du patient, sa situation sociale ou psychologique; l\u2019exp\u00e9rience du professionnel et son \u00e9volution dans la gestion de ce type de situation; un protocole de recherche ; la n\u00e9cessit\u00e9 d\u2019une strat\u00e9gie de r\u00e9duction des risques sp\u00e9cifique et adapt\u00e9e. Ces \u00e9l\u00e9ments cliniques de d\u00e9part devraient \u00eatre document\u00e9s et expliqu\u00e9s au patient, par le moyen d\u2019un consentement \u00e9clair\u00e9, ceci dans un souci de qualit\u00e9 des soins et de protection\u00a0 \u00e9gale.<\/p>\n<p>Les SDS articulent des recommandations cliniques mais reconnaissent l\u2019importance du choix \u00e9clair\u00e9 et inform\u00e9, ainsi que l\u2019importance des approches de gestion ou de r\u00e9duction des risques.<br \/>\nDe plus cette version des SDS reconna\u00eet et valide l\u2019existence de diff\u00e9rentes expressions de genre qui ne n\u00e9cessiteraient pas de traitement psychologique, hormonal ou chirurgical. Certains patients se pr\u00e9sentant pour des soins auront fait seuls des progr\u00e8s significatifs dans leur changement de genre, leur transition, ou tout autre r\u00e9solution concernant leur identit\u00e9 ou leur dysphorie de genre. D\u2019autres patients demanderont des soins plus importants. Les professionnels de sant\u00e9 peuvent utiliser les SDS pour aider les patients \u00e0 conna\u00eetre l\u2019\u00e9ventail des possibilit\u00e9s de prise en charge selon leurs attentes cliniques et leur but quant \u00e0 leur expression de genre.<\/p>\n<p>Depuis mi-2017, les SDS sont en cours de r\u00e9vision par la WPATH.<\/p>\n<p><em>(source Standards de Soins WPATH)<\/em><\/p>\n","protected":false},"excerpt":{"rendered":"<p>Standards de soins pour la sant\u00e9 des personnes transsexuelles, transgenres et de genre non-conforme T\u00e9l\u00e9chargez le document complet ici: Standards de soins WPATH (le document existe dans 18 langues) Les standards de soins constituent la r\u00e9f\u00e9rence au niveau mondial sur laquelle se basent les professionnels de la sant\u00e9 pour les traitements m\u00e9dicaux destin\u00e9s aux personnes [&hellip;]<\/p>\n","protected":false},"author":1,"featured_media":0,"parent":8,"menu_order":8,"comment_status":"closed","ping_status":"closed","template":"","meta":{"_genesis_hide_title":false,"_genesis_hide_breadcrumbs":false,"_genesis_hide_singular_image":false,"_genesis_hide_footer_widgets":false,"_genesis_custom_body_class":"","_genesis_custom_post_class":"","_genesis_layout":""},"categories":[],"tags":[],"featured_image_src":null,"featured_image_src_square":null,"_links":{"self":[{"href":"https:\/\/association360.ch\/trans\/wp-json\/wp\/v2\/pages\/20"}],"collection":[{"href":"https:\/\/association360.ch\/trans\/wp-json\/wp\/v2\/pages"}],"about":[{"href":"https:\/\/association360.ch\/trans\/wp-json\/wp\/v2\/types\/page"}],"author":[{"embeddable":true,"href":"https:\/\/association360.ch\/trans\/wp-json\/wp\/v2\/users\/1"}],"replies":[{"embeddable":true,"href":"https:\/\/association360.ch\/trans\/wp-json\/wp\/v2\/comments?post=20"}],"version-history":[{"count":11,"href":"https:\/\/association360.ch\/trans\/wp-json\/wp\/v2\/pages\/20\/revisions"}],"predecessor-version":[{"id":2910,"href":"https:\/\/association360.ch\/trans\/wp-json\/wp\/v2\/pages\/20\/revisions\/2910"}],"up":[{"embeddable":true,"href":"https:\/\/association360.ch\/trans\/wp-json\/wp\/v2\/pages\/8"}],"wp:attachment":[{"href":"https:\/\/association360.ch\/trans\/wp-json\/wp\/v2\/media?parent=20"}],"wp:term":[{"taxonomy":"category","embeddable":true,"href":"https:\/\/association360.ch\/trans\/wp-json\/wp\/v2\/categories?post=20"},{"taxonomy":"post_tag","embeddable":true,"href":"https:\/\/association360.ch\/trans\/wp-json\/wp\/v2\/tags?post=20"}],"curies":[{"name":"wp","href":"https:\/\/api.w.org\/{rel}","templated":true}]}}