{"id":21,"date":"2009-10-01T22:18:07","date_gmt":"2009-10-01T21:18:07","guid":{"rendered":"http:\/\/360.ch\/trans\/?page_id=17"},"modified":"2019-02-13T10:51:45","modified_gmt":"2019-02-13T09:51:45","slug":"etat-civil","status":"publish","type":"page","link":"https:\/\/association360.ch\/trans\/conseils\/etat-civil\/","title":{"rendered":"Changement d&rsquo;\u00e9tat civil"},"content":{"rendered":"<p>L\u2019action en constatation du changement de sexe (1)\u00a0n\u2019est pas r\u00e9gl\u00e9e par une disposition expresse du Code civil, mais est une action d\u2019\u00e9tat civil qui ne peut pas \u00eatre class\u00e9e avec d\u2019autres d\u00e9marches juridiques (action dite <em>sui generis<\/em>).<\/p>\n<p>Le changement de genre d\u2019une personne n\u2019est pas laiss\u00e9 \u00e0 sa libre disposition, mais doit, au regard du postulat de la s\u00e9curit\u00e9 du droit, \u00eatre constat\u00e9 dans le cadre d\u2019une proc\u00e9dure judiciaire formelle. Il est principalement bas\u00e9 sur un arr\u00eat du Tribunal f\u00e9d\u00e9ral datant de 1993 (ATF\u00a0119 Il 264) qui ne traitait pourtant pas du changement de genre \u00e0 proprement parler.<\/p>\n<p>Dans l\u2019arr\u00eat pr\u00e9cit\u00e9, le Tribunal f\u00e9d\u00e9ral avait indiqu\u00e9 que, pour \u00eatre accept\u00e9, le changement de genre devait avoir un caract\u00e8re \u00ab\u2009irr\u00e9versible\u2009\u00bb, sans indiquer ce qu\u2019il entendait par l\u00e0. Pendant pr\u00e8s de 20 ans, les tribunaux cantonaux ont interpr\u00e9t\u00e9 la notion d\u2019irr\u00e9versibilit\u00e9 comme l\u2019obligation d\u2019une op\u00e9ration de r\u00e9assignation pr\u00e9alable. En 2011, l\u2019Obergericht du canton de Z\u00fcrich a tranch\u00e9 \u2014 en conformit\u00e9 avec la Convention europ\u00e9enne des droits de l\u2019homme \u2014 qu\u2019une telle obligation ne pouvait \u00eatre impos\u00e9e sans une base l\u00e9gale formelle. L\u2019Office f\u00e9d\u00e9ral de l\u2019\u00e9tat civil, se basant sur ce jugement, a alors \u00e9mis un avis de droit (malheureusement non contraignant pour les tribunaux), le 1er f\u00e9vrier 2012, imposant aux Offices cantonaux de ne pas exiger d\u2019op\u00e9ration pr\u00e9alable \u00e0 l\u2019enregistrement de l\u2019\u00e9tat civil pour les personnes transgenres.<\/p>\n<p>D\u00e8s 2012, cet avis a \u00e9t\u00e9 malgr\u00e9 tout respect\u00e9 par de nombreux tribunaux de premi\u00e8re instance, ou des cours cantonales en appel, dans plusieurs cantons romands (Vaud, Jura, Berne\u2026). Malheureusement, en janvier 2014, la Cour de justice du canton de Gen\u00e8ve l\u2019a encore ignor\u00e9 \u2014 tout comme les nombreuses autres d\u00e9cisions cantonales positives \u2014 dans un jugement en appel rejetant le recours d\u2019une femme trans* pourtant parfaitement int\u00e9gr\u00e9e, mais pas encore op\u00e9r\u00e9e.<\/p>\n<p>Depuis 2015, \u00e0 notre connaissance 3 personnes au moins (1 FtM et 2 MtF) ont obtenu leur changement d\u2019\u00e9tat civil complet sans l\u2019exigence d\u2019op\u00e9ration pr\u00e9alable \u00e0 Gen\u00e8ve. La proc\u00e9dure que nous d\u00e9crivons se base sur deux de ces exp\u00e9riences ainsi que les derniers d\u00e9veloppements juridiques connus.<\/p>\n<p>Le d\u00e9partement f\u00e9d\u00e9ral de justice et police avait annonc\u00e9 la mise en consultation d&rsquo;<a href=\"http:\/\/association360.ch\/trans\/transgenres%E2%80%89-bientot-une-procedure-facilitee-pour-le-changement-de-genre-et-de-prenom\/\" target=\"_blank\" rel=\"noopener\">une proc\u00e9dure simplifi\u00e9e<\/a> dans la seconde moiti\u00e9 de 2017, maintenant report\u00e9e au premier semestre 2018. Sa mise en \u0153uvre prendra ensuite de nombreux mois. L\u2019Association\u00a0360 participera \u00e0 cette consultation et vous tiendra inform\u00e9.e.s.<\/p>\n<p>&nbsp;<\/p>\n<h2><strong>Proc\u00e9dure<\/strong><\/h2>\n<p>Selon le Tribunal f\u00e9d\u00e9ral, le for juridique de la demande est le lieu de domicile du demandeur\/de la demanderesse. S\u2019agissant de \u00ab\u2009justice gracieuse\u2009\u00bb, il n\u2019est pas imp\u00e9ratif que la demande soit adress\u00e9e par un avocat ou un juriste. Cependant il faut quand m\u00eame de bonnes connaissances juridiques pour constituer seul.e son dossier. \u2028<a href=\"http:\/\/association360.ch\/aide-juridique\/\" target=\"_blank\" rel=\"noopener\">Le service juridique de l\u2019Association\u00a0360<\/a> peut vous aider pour un co\u00fbt modique.<\/p>\n<p>\u00c0 Gen\u00e8ve, la demande doit \u00eatre adress\u00e9e \u00e0\u2009:<br \/>\nTribunal de premi\u00e8re instance<br \/>\nPlace du Bourg-de-Four\u00a01<br \/>\nB\u00e2timent A<br \/>\nCase postale\u00a03736<br \/>\n1211 Gen\u00e8ve 3<\/p>\n<p>Dans le canton de Vaud, ce sont les <a href=\"https:\/\/www.vd.ch\/toutes-les-autorites\/ordre-judiciaire-vaudois-ojv\/tribunaux-darrondissement\/\" target=\"_blank\" rel=\"noopener\">tribunaux d\u2019arrondissement<\/a> qui sont comp\u00e9tents. Il en va de m\u00eame pour les cantons de <a href=\"http:\/\/www.fr.ch\/pj\/fr\/pub\/juridictions\/organisation\/tribunaux_arrondissement.htm\" target=\"_blank\" rel=\"noopener\">Fribourg<\/a>, <a href=\"https:\/\/www.ne.ch\/autorites\/PJNE\/tribunaux-regionaux\/Pages\/accueil.aspx\" target=\"_blank\" rel=\"noopener\">Neuch\u00e2tel<\/a>, <a href=\"https:\/\/www.vs.ch\/web\/tribunaux\/tribunaux-de-district\" target=\"_blank\" rel=\"noopener\">Valais<\/a> et <a href=\"http:\/\/www.justice.be.ch\/justice\/fr\/index\/justiz\/organisation\/strafgericht\/ueber_uns\/regionalgerichte.html#originRequestUrl=www.justice.be.ch\/tribunauxregionaux\" target=\"_blank\" rel=\"noopener\">Berne<\/a>\u00a0o\u00f9 les tribunaux de premi\u00e8re instance sont parfois appel\u00e9s tribunaux r\u00e9gionaux. Le canton du <a href=\"https:\/\/www.jura.ch\/JUST\/Instances-judiciaires\/Tribunal-de-premiere-instance.html\" target=\"_blank\" rel=\"noopener\">Jura<\/a> conna\u00eet la m\u00eame organisation judiciaire que Gen\u00e8ve, \u00e0 savoir un seul tribunal de premi\u00e8re instance.<\/p>\n<p>Pour les Suisses de l&rsquo;\u00e9tranger, la requ\u00eate doit \u00eatre d\u00e9pos\u00e9e aupr\u00e8s du tribunal d&rsquo;arrondissement comp\u00e9tent pour la commune d&rsquo;origine.\u00a0L&rsquo;<a href=\"https:\/\/www.staatskalender.admin.ch\/navigate.html?dn=ou=Eidg.%20Amt%20fuer%20das%20Zivilstandswesen,ou=Direktionsbereich%20Privatrecht,ou=Direktion,ou=Bundesamt%20fuer%20Justiz,ou=Eidg.%20Justiz-%20und%20Polizeidepartement,ou=bundesrat&amp;localeString=Fran%E7ais\" target=\"_blank\" rel=\"noopener\">office f\u00e9d\u00e9ral de l&rsquo;\u00e9tat civil<\/a> peut vous aider dans vos d\u00e9marches.<\/p>\n<p>Avant de traiter la demande, une avance de frais sera per\u00e7ue par le tribunal. \u00c0 Gen\u00e8ve, elle se monte actuellement \u00e0 CHF 300.-.<\/p>\n<p>Formellement, la demande est constitu\u00e9e de deux parties. La \u00ab\u2009Requ\u00eate en changement de sexe avec changement de pr\u00e9nom\u2009\u00bb et le \u00abCharg\u00e9 de pi\u00e8ces\u00bb.<\/p>\n<p>&nbsp;<\/p>\n<h3><strong>Requ\u00eate en changement de sexe avec changement de pr\u00e9nom<\/strong><\/h3>\n<p>La requ\u00eate est le document qui d\u00e9montre l\u2019irr\u00e9versibilit\u00e9 du changement demand\u00e9, irr\u00e9versibilit\u00e9 qu\u2019il est possible d\u2019atteindre par d\u2019autres moyens que l\u2019op\u00e9ration de r\u00e9assignation ou la st\u00e9rilit\u00e9, ces deux derni\u00e8res conditions violant les art. 8 CEDH, et 10 et 13\u00a0Cst. f\u00e9d. garantissant le respect \u00e0 la vie priv\u00e9e, notamment \u00e0 l\u2019int\u00e9grit\u00e9 physique, et \u00e0 la capacit\u00e9 \u00e0 se reproduire.<\/p>\n<p>La partie \u00abEn faits\u00bb de la requ\u00eate doit donc \u00e9tablir\u00a0l\u2019acceptation sociale et la cr\u00e9dibilit\u00e9 du choix de vie de la personne qui demande le changement d\u2019\u00e9tat civil. Ces faits doivent \u00eatre suffisamment convaincants pour \u00eatre consid\u00e9r\u00e9s comme irr\u00e9versibles par le juge. Pour l\u2019instant encore, l\u2019existence d\u2019une dysphorie de genre doit \u00e9galement \u00eatre attest\u00e9e par un m\u00e9decin psychiatre.<\/p>\n<p>La partie \u00abEn droit\u00bb de la requ\u00eate d\u00e9montre que la demande est juridiquement valable au vu du droit et de la jurisprudence suisses r\u00e9cents et conclu \u00e0 l\u2019acceptation du changement d\u2019\u00e9tat civil et de pr\u00e9nom par le tribunal de c\u00e9ans.<\/p>\n<p>&nbsp;<\/p>\n<h3><strong>Charg\u00e9 de pi\u00e8ces<\/strong><\/h3>\n<p>Le charg\u00e9 de pi\u00e8ces r\u00e9unit les pi\u00e8ces \u00e0 annexer \u00e0 la requ\u00eate, soit les pi\u00e8ces formelles exig\u00e9es, la ou les attestations m\u00e9dicales et tout autre document attestant de l\u2019irr\u00e9versibilit\u00e9 du parcours de vie (lettre de l\u2019employeur, de la famille, de proches\u2026).<\/p>\n<p><strong>Les pi\u00e8ces formelles obligatoires \u00e0 fournir sont\u2009:<\/strong><\/p>\n<ul>\n<li>Certificat de naissance<\/li>\n<li>Acte d\u2019origine<\/li>\n<li>Attestation de domicile<\/li>\n<li>Jugement de divorce (si pertinent)<\/li>\n<\/ul>\n<p>&nbsp;<\/p>\n<p><strong>Attestation(s) m\u00e9dicale(s)<\/strong><\/p>\n<p>Comme indiqu\u00e9 pr\u00e9c\u00e9demment, il faut au minimum fournir une attestation d\u2019un m\u00e9decin psychiatre suisse \u00e9tablissant l\u2019existence de la dysphorie de genre chez la personne requ\u00e9rante. Cette attestation est d\u2019ailleurs \u00e9galement n\u00e9cessaire pour la prise en charge des traitements par l\u2019assurance obligatoire de soins.<\/p>\n<p>Si la personne a d\u00e9j\u00e0 commenc\u00e9 des traitements afin de vivre mieux dans son genre ressenti, tels qu\u2019hormonoth\u00e9rapie, \u00e9pilation d\u00e9finitive, greffe de cheveux, voire chirurgies, il est pr\u00e9f\u00e9rable de fournir les documents attestant de ces traitements, m\u00eame si ces derniers ne sont plus obligatoires au vu des derniers d\u00e9veloppements de la jurisprudence, notamment europ\u00e9enne (<a href=\"http:\/\/association360.ch\/trans\/wp-content\/uploads\/sites\/4\/2017\/12\/20170406_CourEDH-AFFAIRE-A.P.-GAR\u00c7ON-ET-NICOT-c.-FRANCE.pdf\">CEDH, A. P. , Gar\u00e7on et Nicot c. France, n\u00b0 79885\/12, 52471\/13 et 52596\/13 du 6 avril 2017<\/a>).<\/p>\n<p>&nbsp;<\/p>\n<p><strong>Autre(s) document(s)<\/strong><\/p>\n<p>Les documents attestant de l\u2019exp\u00e9rience de vie dans le genre ressenti ont maintenant une grande importance puisqu\u2019ils aident \u00e0 prouver que la d\u00e9marche est bien socialement irr\u00e9versible. Une lettre de l\u2019employeur, ou de l\u2019institut de formation si la personne est encore aux \u00e9tudes, des lettres de la famille (parents, conjoints, fr\u00e8res et s\u0153urs) ou de proches, indiquant que la personne est bien accept\u00e9e, sont autant d\u2019\u00e9l\u00e9ments que le juge prendra en consid\u00e9ration pour se faire une opinion sur le caract\u00e8re permanent de la d\u00e9marche.<\/p>\n<p>&nbsp;<\/p>\n<p><strong>Audition<\/strong><\/p>\n<p>Le tribunal n\u2019a pas l\u2019obligation d\u2019entendre la personne requ\u00e9rante, et peut rendre sa d\u00e9cision sur la base de l\u2019ensemble des pi\u00e8ces remises seulement. \u00c0 Gen\u00e8ve toutefois, en 2015 et 2016 au moins, le juge a proc\u00e9d\u00e9 \u00e0 une audition des personnes requ\u00e9rantes pour \u00e9valuer la cr\u00e9dibilit\u00e9 de leur d\u00e9marche. Ces personnes ont \u00e9t\u00e9 convoqu\u00e9es dans le mois suivant le d\u00e9p\u00f4t de la demande et le paiement de l\u2019avance de frais.<\/p>\n<p>&nbsp;<\/p>\n<h2>D\u00e9cision<\/h2>\n<p>Le tribunal se prononcera dans un d\u00e9lai d\u2019environ un mois (\u00e0 Gen\u00e8ve) par voie d\u2019ordonnance. Si sa d\u00e9cision est positive, le tribunal\u00a0:<\/p>\n<ul>\n<li>constate le changement de statut personnel (changement de sexe) et le changement de pr\u00e9nom<\/li>\n<li>ordonne la rectification du registre de l\u2019\u00e9tat civil conform\u00e9ment \u00e0 sa d\u00e9cision<\/li>\n<li>fixe les frais, en g\u00e9n\u00e9ral par compensation avec l\u2019avance demand\u00e9e au d\u00e9part.<\/li>\n<\/ul>\n<p>Le tribunal s\u2019adresse \u00e0 l\u2019office cantonal de l\u2019\u00e9tat civil (ou de l\u2019arrondissement dans les cantons organis\u00e9s comme cela) dans un d\u00e9lai de 3 \u00e0 6 semaines apr\u00e8s le d\u00e9lai l\u00e9gal de recours de 10 jours. La personne requ\u00e9rante n\u2019est pas notifi\u00e9e par l\u2019\u00e9tat civil, elle doit s\u2019informer par elle-m\u00eame. D\u00e8s que l\u2019office a confirm\u00e9 la r\u00e9ception de la d\u00e9cision du tribunal, les principales autres d\u00e9marches peuvent commencer.<\/p>\n<p>&nbsp;<\/p>\n<h2>Suivi<\/h2>\n<p>Apr\u00e8s la d\u00e9cision et sa transmission \u00e0 l\u2019\u00e9tat civil, un certain nombre de d\u00e9marches doivent \u00eatre faites afin de r\u00e9gulariser la situation. Les principales sont\u2009:<\/p>\n<ul>\n<li>\u00e9tablissement de nouveaux papiers d\u2019identit\u00e9 (en priorit\u00e9 car les autres d\u00e9marches impliquent le plus souvent la remise d\u2019une copie du passeport ou de la carte d\u2019identit\u00e9). Cette d\u00e9marche se fait comme pour le renouvellement d\u2019un passeport ou d\u2019une carte d\u2019identit\u00e9 via internet avec la remise de la copie du jugement<\/li>\n<li>changement aupr\u00e8s de l\u2019employeur (genre et pr\u00e9nom, adresse courriel, registre du commerce\u2026)<\/li>\n<li>changement du permis de conduire et du permis de circulation (si pertinent)<\/li>\n<li>avenant au contrat de bail et \u00e9ventuellement changement des \u00e9tiquettes de boite aux lettres et de porte<\/li>\n<li>changement \u00e0 la poste<\/li>\n<li>changement \u00e0 la banque et changement des cartes (EC, carte de cr\u00e9dit, etc.)<\/li>\n<li>carte AVS, information \u00e0 la caisse de pension (souvent pris en charge par l\u2019employeur)<\/li>\n<li>nouvel acte d\u2019origine si n\u00e9cessaire<\/li>\n<li>etc.<\/li>\n<\/ul>\n<p>Toutes ces d\u00e9marches ont souvent un co\u00fbt qui peut atteindre plusieurs centaines de francs.<\/p>\n<p>Les personnes de nationalit\u00e9 \u00e9trang\u00e8re, mais r\u00e9sidant en Suisse, doivent s\u2019adresser \u00e0 leur ambassade, respectivement leur consulat, pour obtenir les informations n\u00e9cessaires \u00e0 leur d\u00e9marche.<br \/>\n<strong><em>Lynn<\/em><\/strong><\/p>\n<p>(1) Bien qu\u2019il soit plus respectueux \u2013 et plus juste \u2013 de parler de changement de genre, le droit suisse continue d\u2019utiliser pour l\u2019instant la notion de changement de sexe. Par respect pour les personnes transgenres, nous utilisons la notion de changement de genre.<\/p>\n<p>(\u00c9tat au 3 d\u00e9cembre 2017\/m\u00e0j 1er mai 2018)<\/p>\n","protected":false},"excerpt":{"rendered":"<p>L\u2019action en constatation du changement de sexe (1)\u00a0n\u2019est pas r\u00e9gl\u00e9e par une disposition expresse du Code civil, mais est une action d\u2019\u00e9tat civil qui ne peut pas \u00eatre class\u00e9e avec d\u2019autres d\u00e9marches juridiques (action dite sui generis). Le changement de genre d\u2019une personne n\u2019est pas laiss\u00e9 \u00e0 sa libre disposition, mais doit, au regard du [&hellip;]<\/p>\n","protected":false},"author":1,"featured_media":0,"parent":8,"menu_order":9,"comment_status":"closed","ping_status":"closed","template":"","meta":{"_genesis_hide_title":false,"_genesis_hide_breadcrumbs":false,"_genesis_hide_singular_image":false,"_genesis_hide_footer_widgets":false,"_genesis_custom_body_class":"","_genesis_custom_post_class":"","_genesis_layout":"","footnotes":""},"categories":[],"tags":[],"class_list":{"0":"post-21","1":"page","2":"type-page","3":"status-publish","4":"format-standard","6":"entry","7":"has-post-thumbnail"},"featured_image_src":null,"featured_image_src_square":null,"_links":{"self":[{"href":"https:\/\/association360.ch\/trans\/wp-json\/wp\/v2\/pages\/21","targetHints":{"allow":["GET"]}}],"collection":[{"href":"https:\/\/association360.ch\/trans\/wp-json\/wp\/v2\/pages"}],"about":[{"href":"https:\/\/association360.ch\/trans\/wp-json\/wp\/v2\/types\/page"}],"author":[{"embeddable":true,"href":"https:\/\/association360.ch\/trans\/wp-json\/wp\/v2\/users\/1"}],"replies":[{"embeddable":true,"href":"https:\/\/association360.ch\/trans\/wp-json\/wp\/v2\/comments?post=21"}],"version-history":[{"count":12,"href":"https:\/\/association360.ch\/trans\/wp-json\/wp\/v2\/pages\/21\/revisions"}],"predecessor-version":[{"id":3081,"href":"https:\/\/association360.ch\/trans\/wp-json\/wp\/v2\/pages\/21\/revisions\/3081"}],"up":[{"embeddable":true,"href":"https:\/\/association360.ch\/trans\/wp-json\/wp\/v2\/pages\/8"}],"wp:attachment":[{"href":"https:\/\/association360.ch\/trans\/wp-json\/wp\/v2\/media?parent=21"}],"wp:term":[{"taxonomy":"category","embeddable":true,"href":"https:\/\/association360.ch\/trans\/wp-json\/wp\/v2\/categories?post=21"},{"taxonomy":"post_tag","embeddable":true,"href":"https:\/\/association360.ch\/trans\/wp-json\/wp\/v2\/tags?post=21"}],"curies":[{"name":"wp","href":"https:\/\/api.w.org\/{rel}","templated":true}]}}