{"id":2570,"date":"2016-05-04T14:31:13","date_gmt":"2016-05-04T13:31:13","guid":{"rendered":"http:\/\/association360.ch\/trans\/?page_id=2570"},"modified":"2021-07-05T15:44:23","modified_gmt":"2021-07-05T14:44:23","slug":"bibliographie","status":"publish","type":"page","link":"https:\/\/association360.ch\/trans\/documents\/bibliographie\/","title":{"rendered":"Bibliographie Trans*"},"content":{"rendered":"<p style=\"text-align: center\"><!-- p { margin-bottom: 0.25cm; line-height: 120%; }a:link { } --><span style=\"text-decoration: underline\">Essais th\u00e9oriques, militants et politiques<br>\n<\/span><em>Transf\u00e9minisme, Transgender Studies, Etudes genre<\/em><span style=\"text-decoration: underline\"><br>\n<\/span><\/p>\n<p><a href=\"https:\/\/wikitrans.co\/\">https:\/\/wikitrans.co\/<\/a> Tout les&nbsp;ressources pour les personnes trans en questionnement ou en transition, leurs proches et leurs alli\u00e9s.<\/p>\n<p><b>The Transfeminsim Manifesto<\/b>. Emi Koyama. 2006.<br>\n<a href=\"http:\/\/eminism.org\/readings\/pdf-rdg\/tfmanifesto.pdf\" target=\"_blank\" rel=\"noopener noreferrer\">http:\/\/eminism.org\/readings\/pdf-rdg\/tfmanifesto.pdf<\/a><\/p>\n<p><b>\u00ab&nbsp;Empire&nbsp;\u00bb Strikes Back&nbsp;: A Posttranssexual Manifesto<\/b>. Sandy Stone. USA 1993.<br>\nversion fran\u00e7aise ici<br>\n<a href=\"https:\/\/commentsensortir.files.wordpress.com\/2015\/12\/css-2_2015_stone_l-empire-contre-attaque.pdf\" target=\"_blank\" rel=\"noopener noreferrer\">https:\/\/commentsensortir.files.wordpress.com\/2015\/12\/css-2_2015_stone_l-empire-contre-attaque.pdf<\/a><\/p>\n<p><b>Whipping Girl: A Transsexual Woman on Sexism and the Scapegoating of Femininity<\/b><span style=\"text-decoration: underline\">.<\/span> Julia Serano. USA 2007.<br>\nUn fanzine a traduit le chapitre 8&nbsp;: <b>Le privil\u00e8ge cissexuel<\/b>. Disponible ici.<br>\n<a href=\"https:\/\/infokiosques.net\/IMG\/pdf\/le_privilege_cissexuel-28p-A4-fil.pdf\" target=\"_blank\" rel=\"noopener noreferrer\">https:\/\/infokiosques.net\/IMG\/pdf\/le_privilege_cissexuel-28p-A4-fil.pdf<\/a><\/p>\n<p><b>Assign\u00e9e Gar\u00e7on<\/b>. Bande dessin\u00e9e sur Internet. Par Sophie Labelle. Qu\u00e9bec 2014.<br>\n<a href=\"http:\/\/assigneegarcon.tumblr.com\/\" target=\"_blank\" rel=\"noopener noreferrer\">http:\/\/assigneegarcon.tumblr.com\/<\/a><\/p>\n<p><b>Gender Outlaw: On Men, Women, and the Rest of Us<\/b>. Kate Bornstein. USA 1994<\/p>\n<p><b>Le Mouvement transgenre, changer de sexe<\/b>. Pat Califa. USA 1997 (ed fran\u00e7aise \u2013 Paris 2003).<\/p>\n<p><b>Transsexualit\u00e9 et privil\u00e8ge masculin, fiction ou r\u00e9alit\u00e9&nbsp;?<\/b>. Alexandre Baril 2013.<br>\n<a href=\"https:\/\/infokiosques.net\/IMG\/pdf\/Transsexualite_et_privilege_masculin_fiction_ou_realite-28p-A5-fil-pdf.pdf\">https:\/\/infokiosques.net\/IMG\/pdf\/Transsexualite_et_privilege_masculin_fiction_ou_realite-28p-A5-fil-pdf.pdf<\/a><\/p>\n<p><b>La transidentit\u00e9, De l&rsquo;espace m\u00e9diatique \u00e0 l&rsquo;espace public<\/b>. Karine Espineira. France 2008.<\/p>\n<p><b>La Transcyclop\u00e9die&nbsp;: Tout savoir sur les transidentit\u00e9s<\/b>. Maud-Yeuse Thomas, Karine Espineira, Arnaud Allessandrin.<\/p>\n<p><b>Postposttranssexual: Key Concepts for a 21st Century Transgender Studies<\/b>. Susan Styker (\u2026). USA 2014<\/p>\n<p><b>La cissexualit\u00e9, ce douloureux probl\u00e8me<\/b>. Na\u00efel. France 2014.<br>\n<a href=\"http:\/\/blog.naiel.net\/index.php?post\/2013\/07\/17\/La-Cissexualit%C3%A9-%2C-ce-douloureux-probl%C3%A8me%2C-quelques-photos-de-l-exposition-texte\" target=\"_blank\" rel=\"noopener noreferrer\">http:\/\/blog.naiel.net\/index.php?post\/2013\/07\/17\/La-Cissexualit%C3%A9-%2C-ce-douloureux-probl%C3%A8me%2C-quelques-photos-de-l-exposition-texte<\/a><\/p>\n<p><b>La Transidentit\u00e9, la transphobie<\/b>.<b> <\/b>Petit guide sur les discriminations dont sont victimes les personnes trans, et sur les moyens de les \u00e9viter. Association Chrysalide. France 2009.<br>\n<a href=\"http:\/\/chrysalidelyon.free.fr\/guide1.php\" target=\"_blank\" rel=\"noopener noreferrer\">http:\/\/chrysalidelyon.free.fr\/guide1.php<\/a><\/p>\n<p><b><a title=\"\u00ab&nbsp;Transf\u00e9minismes&nbsp;\u00bb (Cahiers de la Transidentit\u00e9)\" href=\"http:\/\/association360.ch\/trans\/transfeminismes-cahiers-de-la-transidentite\/\">Transf\u00e9minismes<\/a><\/b>. Maud-Yeuse Thomas, Noomi B. Gr\u00fcsig, Karine Espineira. France 2015.<\/p>\n<p><b>Transidentit\u00e9s&nbsp;: Histoire d&rsquo;une d\u00e9pathologisation<\/b>. Sous la direction de Maud-Yeuse Thomas, Karine Espineira, Arnaud Alessandrin. France 2013.<\/p>\n<p><b>Corps Trans \/ Corps Queer<\/b>. Sous la direction de Arnaud Alessandrin, Karine Espineira, Maud-Yeuse Thomas. France 2013.<\/p>\n<p><b>Tableau noir&nbsp;: Les transidentit\u00e9s et l&rsquo;\u00e9cole<\/b>. Sous la direction de Karine Espineira, Maud-Yeuse Thomas, Arnaud Alessandrin. France 2014.<\/p>\n<p><b>Transidentit\u00e9s&nbsp;: Ordre &amp; panique de genre \u2013 Le r\u00e9el et ses interpr\u00e9tations<\/b>. Karine Espineira. France 2015.<\/p>\n<p><b>M\u00e9diacultures&nbsp;: La transidentit\u00e9 en t\u00e9l\u00e9vision<\/b>. Karine Espineira. France 2015.<\/p>\n<p><b>Quand la m\u00e9diatisation fait genre<\/b>. Arnaud Alessandrin, Laetitia Biscarrat, Karine Espineira, Maud-Yeuse Thomas. France 2014.<\/p>\n<p><b>Gender Outlaws&nbsp;: The Next Generation<\/b>. De Kate Bornstein, S. Bear Bergman (\u2026). USA 2010.<\/p>\n<p><b>Bi&nbsp;: Notes for a Bisexual Revolution<\/b>. Shiri Eisner. USA 2013.<\/p>\n<p><b>Changer de sexe : Identit\u00e9s transsexuelles<\/b>. Alexandra Augst-merelle, St\u00e9phanie Nicot. France 2006.<\/p>\n<p style=\"text-align: center\"><span style=\"text-decoration: underline\">Histoire<\/span><\/p>\n<p><b>Elle ou lui&nbsp;: Histoire des transsexuels de France<\/b>. Maxime Foerster. France 2012.<\/p>\n<p><b>Transgender&nbsp;Liberation&nbsp;:&nbsp;A&nbsp;Movement&nbsp;Whose&nbsp;Time&nbsp;Has&nbsp;Come<\/b>.<b> <\/b>Leslie Feinberg. USA 1992.<br>\nUn fanzine traduit une partie en fran\u00e7ais est disponible ici.<br>\n<a href=\"https:\/\/infokiosques.net\/IMG\/pdf\/le_mouvement_de_liberation_transgenre-20pA4-fil.pdf\">https:\/\/infokiosques.net\/IMG\/pdf\/le_mouvement_de_liberation_transgenre-20pA4-fil.pdf<\/a><\/p>\n<p><b>Transgender Warriors: Making History from Joan of Arc to Dennis Rodman<\/b>. Leslie Feinberg. USA 1996.<\/p>\n<p><b>Transgender History<\/b>. Susan Styker. USA 2008.<\/p>\n<p><b>Histoire de la sexualit\u00e9<\/b>. Michel Foucault. France 1994.<\/p>\n<p><b>Decolonizing the Transgender Imaginary<\/b>. Aren Aizura, Marcia Ochoa, Salvador Vidal-Ortiz, Trystan Cotton, Carsten Balzer\/Carla LaGata&#8230; USA 2014<\/p>\n<p><b>Christine Jorgensen (c\u00e9l\u00e9brit\u00e9)<\/b>. Bande dessin\u00e9e sur internet par P\u00e9n\u00e9lope Bogieu. France 2016.<\/p>\n<p style=\"text-align: center\"><span style=\"text-decoration: underline\">Sant\u00e9<\/span><\/p>\n<h6>La transidentit\u00e9 en m\u00e9dicine et au cabinet m\u00e9dical <a href=\"https:\/\/primary-hospital-care.ch\/fr\/article\/doi\/phc-f.2019.10147\">https:\/\/primary-hospital-care.ch\/fr\/article\/doi\/phc-f.2019.10147&nbsp;<\/a><\/h6>\n<p><b>Guide du safer sex pour les personnes Trans*<\/b>. Association Kymydia&rsquo;s en collaboration avec Checkpoint Vaud,&nbsp;2017.<br>\n<a href=\"http:\/\/www.klamydias.ch\/\" target=\"_blank\" rel=\"noopener noreferrer\">www.klamydias.ch<\/a> &#8211; A consulter <a href=\"http:\/\/media.wix.com\/ugd\/75991f_827a8e697c2948b3afd986e7377b47ca.pdf\" target=\"_blank\" rel=\"noopener noreferrer\">ici.<\/a><\/p>\n<p><b>Brochures transformation FT* &amp; MT*<\/b>. Association OUTrans France 2013.<br>\n<a href=\"http:\/\/outrans.org\/ressources\/brochures-mtft\/\">http:\/\/outrans.org\/ressources\/brochures-mtft\/<\/a><\/p>\n<p><b>L&rsquo;accueil m\u00e9dical des personnes trans*<\/b>. Association Chrysalide 2012.<br>\n<a href=\"http:\/\/chrysalidelyon.free.fr\/guide5.php\" target=\"_blank\" rel=\"noopener noreferrer\">http:\/\/chrysalidelyon.free.fr\/guide5.php<\/a><\/p>\n<p><b>Enqu\u00eate Chrysalide &lsquo;Sant\u00e9 Trans 2011&rsquo;<\/b>. Association Chrysalide France 2011.<br>\n<a href=\"http:\/\/chrysalidelyon.free.fr\/sondage_sante2011.php\" target=\"_blank\" rel=\"noopener noreferrer\">http:\/\/chrysalidelyon.free.fr\/sondage_sante2011.php<\/a><\/p>\n<p><b>Dicklit et T Claques<\/b>. Association OUTrans. France 2010.<br>\n<a href=\"http:\/\/outrans.org\/ressources\/dtc\/\" target=\"_blank\" rel=\"noopener noreferrer\">http:\/\/outrans.org\/ressources\/dtc\/<\/a><\/p>\n<p><b>Psychologie des transgenres et des transsexuels<\/b>. Fran\u00e7oise Sironi. France 2011.<br>\nUne partie est disponible en ligne ici&nbsp;: <b>Transsexualit\u00e9 et m\u00e9tamorphose humaine<\/b>.<br>\n<a href=\"http:\/\/www.agnodice.ch\/IMG\/pdf\/Transsexualite_et_metamorphose_humaine_-_Sironi_F_2009.pdf\" target=\"_blank\" rel=\"noopener noreferrer\">http:\/\/www.agnodice.ch\/IMG\/pdf\/Transsexualite_et_metamorphose_humaine_-_Sironi_F_2009.pdf<\/a><br>\nUne autre ici&nbsp;: <b>Maltraitance th\u00e9orique et enjeux contemporains de la psychologie clinique<\/b>.<br>\n<a href=\"http:\/\/www.agnodice.ch\/Maltraitance-theorique-et-enjeux\" target=\"_blank\" rel=\"noopener noreferrer\">http:\/\/www.agnodice.ch\/Maltraitance-theorique-et-enjeux<\/a><\/p>\n<p><b>Transgender Eurostudy&nbsp;: Legal Survey and Focus on the Transgender Experience of HealthCare<\/b>. Prof Stephen Whittle OBE, Dr Lewis Turner, Ryan Combs, Stephenne Rhodes. Transgender Europe, ILGA Europe. 2008.<br>\n<a href=\"http:\/\/tgeu.org\/eurostudy\/\" target=\"_blank\" rel=\"noopener noreferrer\">http:\/\/tgeu.org\/eurostudy\/<\/a><\/p>\n<p><b>Trans mental Health Study <\/b><b>2012<\/b>. Jay McNeil, Louis Bailey, Sonja Ellis, James Morton &amp; Maeve Regan. UK 2012.<br>\n<a href=\"http:\/\/www.gires.org.uk\/assets\/Medpro-Assets\/trans_mh_study.pdf\" target=\"_blank\" rel=\"noopener noreferrer\">http:\/\/www.gires.org.uk\/assets\/Medpro-Assets\/trans_mh_study.pdf<\/a><\/p>\n<p><b>Standards de soins pour la sant\u00e9 des personnes transsexuelles, transgenres et de genre non-conforme<\/b>.<b> <\/b>WPATH (World Professional Association for Transgender Health. USA 2012.<br>\n<a href=\"http:\/\/www.wpath.org\/uploaded_files\/140\/files\/Standards%20of%20Care%20-%20French%20Final%2011-6-13.pdf\" target=\"_blank\" rel=\"noopener noreferrer\"> http:\/\/www.wpath.org\/uploaded_files\/140\/files\/Standards%20of%20Care%20-%20French%20Final%2011-6-13.pdf<\/a><\/p>\n<p><b>Vers un acc\u00e8s \u00e0 des soins de qualit\u00e9 pour les personnes lesbiennes, gays, bisexuelles et transgenres<\/b>.<b> <\/b>Rapha\u00ebl Bize, Rapha\u00ebl Bize, Erika Volkmar, Sylvie Berrut, Denise Medico, Hugues Balthasar, Patrick Bodenmann, Harvey J. Makadon. Rev Med Suisse 2011.<br>\n<a href=\"http:\/\/www.revmed.ch\/rms\/2011\/RMS-307\/Vers-un-acces-a-des-soins-de-qualite-pour-les-personnes-lesbiennes-gays-bisexuelles-et-transgenres\" target=\"_blank\" rel=\"noopener noreferrer\">http:\/\/www.revmed.ch\/rms\/2011\/RMS-307\/Vers-un-acces-a-des-soins-de-qualite-pour-les-personnes-lesbiennes-gays-bisexuelles-et-transgenres<\/a><\/p>\n<p><b>Vers l&rsquo;\u00e9galit\u00e9 des chances en mati\u00e8re de sant\u00e9 LGBT&nbsp;: <\/b><b>Le r\u00f4le du syst\u00e8me de sant\u00e9<\/b>. PREOS (pr\u00e9venir le rejet bas\u00e9 sur l&rsquo;orientation sexuelle et l&rsquo;identit\u00e9 de genre). Suisse 2012.<br>\n<a href=\"http:\/\/www.preos.ch\/\" target=\"_blank\" rel=\"noopener noreferrer\">http:\/\/www.preos.ch\/<\/a><\/p>\n<p><b>The Transsexual Phenomenon<\/b>. Harry Benjamin. USA 1966.<br>\n<a href=\"http:\/\/www.agnodice.ch\/The-Transsexual-Phenomenon\" target=\"_blank\" rel=\"noopener noreferrer\">http:\/\/www.agnodice.ch\/The-Transsexual-Phenomenon<\/a><\/p>\n<p style=\"text-align: center\"><span style=\"text-decoration: underline\">Droit Suisse<\/span><\/p>\n<p><b>Droits LGBT<\/b>. Andreas R Zeigler, Michel Montini, Eylem Ayse Copur. Suisse 2015.<\/p>\n<p style=\"text-align: center\"><span style=\"text-decoration: underline\">Documents droit international<\/span><\/p>\n<p><b>Droits de l&rsquo;homme et <\/b><b>I<\/b><b>dentit\u00e9 de <\/b><b>G<\/b><b>enre<\/b>. Conseil de l&rsquo;Europe. Document th\u00e9matique par Thomas Hammarberg, Commissaire aux droits de l&rsquo;homme, 2009.<br>\n<a href=\"https:\/\/wcd.coe.int\/ViewDoc.jsp?p=&amp;id=1498499&amp;direct=true\" target=\"_blank\" rel=\"noopener noreferrer\">https:\/\/wcd.coe.int\/ViewDoc.jsp?p=&amp;id=1498499&amp;direct=true<\/a><\/p>\n<p><b>Principe de Jogjakarta<\/b>. Principes sur l&rsquo;application de la l\u00e9gislation internationale des droits humains en mati\u00e8re d&rsquo;orientation sexuelle et d&rsquo;identit\u00e9 de genre. UNHCR 2007.<br>\n<a href=\"http:\/\/www.yogyakartaprinciples.org\/principles_fr.pdf\" target=\"_blank\" rel=\"noopener noreferrer\">http:\/\/www.yogyakartaprinciples.org\/principles_fr.pdf<\/a><\/p>\n<p style=\"text-align: center\"><span style=\"text-decoration: underline\">Autobiographies, romans autobiographiques<\/span><\/p>\n<p><b>Stone Butch Blues<\/b>. Leslie Feinberg. USA 1993.<br>\nLivre en entier disponible en pdf ici (en anglais)<br>\n<a href=\"http:\/\/www.lesliefeinberg.net\/\" target=\"_blank\" rel=\"noopener noreferrer\"> http:\/\/www.lesliefeinberg.net\/<\/a><br>\nUn version fanzine traduit en fran\u00e7ais des extraits ici<br>\n<a href=\"https:\/\/infokiosques.net\/IMG\/pdf\/StoneButchBlues_brochure.pdf\" target=\"_blank\" rel=\"noopener noreferrer\">https:\/\/infokiosques.net\/IMG\/pdf\/StoneButchBlues_brochure.pdf<\/a><\/p>\n<p><b>Le Saut de l&rsquo;ange<\/b>. Maud Marin. France 1987.<\/p>\n<p><b>J&rsquo;inventais ma vie<\/b>. Maie-Pierre Pruvot (Maie-Pier Ysser \/ Bambi). France 2003.<\/p>\n<p><b>Carnet de bord d&rsquo;un stewart devenu h\u00f4tesse de l&rsquo;air<\/b>. Andr\u00e9a Colliaux. France 2001.<\/p>\n<p style=\"text-align: center\"><span style=\"text-decoration: underline\">Films Documentaires<\/span><\/p>\n<p><b>L&rsquo;Ordre des Mots<\/b>. De Cynthia Arra et M\u00e9lissa Arra. France 2007.<br>\n<a href=\"http:\/\/www.lordredesmots-lefilm.com\/\" target=\"_blank\" rel=\"noopener noreferrer\">http:\/\/www.lordredesmots-lefilm.com\/<\/a><\/p>\n<p><b><a title=\"\u00ab&nbsp;Vos Papiers&nbsp;\u00bb, documentaire\" href=\"http:\/\/association360.ch\/trans\/vos-papiers\/\">Vos Papiers<\/a><\/b>. De Bruce &#8211; What the F&nbsp;!. France 2009.<\/p>\n<p><b>Bambi<\/b>. De S\u00e9bastien Lifshitz. France 2013<\/p>\n<p><b>Paris is Burning<\/b>. De Jennie Livingston. USA 1990.<\/p>\n<p style=\"text-align: center\"><span style=\"text-decoration: underline\">Cin\u00e9ma<\/span><\/p>\n<p><b>Tangerine.<\/b> De Sean Baker. USA 2015.<\/p>\n<p><b>Wild Side.<\/b> De S\u00e9bastien Lifshitz. France 2004<\/p>\n<p><b>Thelma<\/b>. De Pierre-Alain Meier. France\/Suisse\/Gr\u00e8ce 2001.<\/p>\n<p><b>Facing Mirrors <\/b>(Une Femme Iranienne en fran\u00e7ais). De Negar Azarbayjani. Iran 2011.<\/p>\n<p><b>Carmin Tropical<\/b>. De Rigoberto P\u00e9rezcano. Mexique 2014.<\/p>\n<p><b>Boy Meets Girl<\/b>. D&rsquo;Eric Schaeffer. USA 2015.<\/p>\n<p><b>Tomboy<\/b>. De C\u00e9line Sciamma. France 2012.<\/p>\n<p><b>Beautiful Boxer<\/b> (Fighting Beauty). Ekachai Uekrongtham. Tha\u00eflande 2003.<\/p>\n<p><b>A Girl Like Me&nbsp;: The Gwen Araujo Story<\/b>. D&rsquo;Agnieszka Holland. USA 2006.<\/p>\n<p><b>Todo sobre mi madre<\/b> (Tout sur ma m\u00e8re). De Pedro Almod\u00f3var. Espagne\/France 1999.<\/p>\n<p><b>Ma Vie en Rose.<\/b> De Alain Berliner. France 1997.<\/p>\n<p><b>Noor.<\/b> \u00c7agla Zencirci et Guillaume Giovanetti. Pakistan\/Turquie\/France 2012.<\/p>\n<p style=\"text-align: center\"><span style=\"text-decoration: underline\">S\u00e9ries<\/span><\/p>\n<p><b><a title=\"\u00abHer Story\u00bb, une s\u00e9rie qui dresse un portrait positif de femmes trans, produite par des personnes trans\" href=\"http:\/\/association360.ch\/trans\/her-story-serie-portrait-positif-femmes-trans\/\">Her Story<\/a><\/b>. De sydney Freeland. USA 2016.<\/p>\n<p><b>Sense 8.<\/b> De Lana et Lilly Wachowski, Joseph Michael Straczynski. USA 2015.<\/p>\n<p><b>Transparent<\/b>. De Jill Soloway. USA 2014.<\/p>\n<p><b>Orange is the New Black<\/b>. De Jenji Kohan. USA 2013.<\/p>\n<p><b>Hit &amp; Miss<\/b>. De Paul Abbott. UK 2012.<\/p>\n\n\n<p><\/p>\n","protected":false},"excerpt":{"rendered":"<p>Essais th\u00e9oriques, militants et politiques Transf\u00e9minisme, Transgender Studies, Etudes genre https:\/\/wikitrans.co\/ Tout les&nbsp;ressources pour les personnes trans en questionnement ou en transition, leurs proches et leurs alli\u00e9s. The Transfeminsim Manifesto. Emi Koyama. 2006. http:\/\/eminism.org\/readings\/pdf-rdg\/tfmanifesto.pdf \u00ab&nbsp;Empire&nbsp;\u00bb Strikes Back&nbsp;: A Posttranssexual Manifesto. Sandy Stone. USA 1993. version fran\u00e7aise ici https:\/\/commentsensortir.files.wordpress.com\/2015\/12\/css-2_2015_stone_l-empire-contre-attaque.pdf Whipping Girl: A Transsexual Woman on Sexism [&hellip;]<\/p>\n","protected":false},"author":763,"featured_media":0,"parent":272,"menu_order":0,"comment_status":"open","ping_status":"closed","template":"","meta":{"_genesis_hide_title":false,"_genesis_hide_breadcrumbs":false,"_genesis_hide_singular_image":false,"_genesis_hide_footer_widgets":false,"_genesis_custom_body_class":"","_genesis_custom_post_class":"","_genesis_layout":"","footnotes":""},"categories":[],"tags":[],"class_list":{"0":"post-2570","1":"page","2":"type-page","3":"status-publish","4":"format-standard","6":"entry"},"featured_image_src":null,"featured_image_src_square":null,"_links":{"self":[{"href":"https:\/\/association360.ch\/trans\/wp-json\/wp\/v2\/pages\/2570","targetHints":{"allow":["GET"]}}],"collection":[{"href":"https:\/\/association360.ch\/trans\/wp-json\/wp\/v2\/pages"}],"about":[{"href":"https:\/\/association360.ch\/trans\/wp-json\/wp\/v2\/types\/page"}],"author":[{"embeddable":true,"href":"https:\/\/association360.ch\/trans\/wp-json\/wp\/v2\/users\/763"}],"replies":[{"embeddable":true,"href":"https:\/\/association360.ch\/trans\/wp-json\/wp\/v2\/comments?post=2570"}],"version-history":[{"count":10,"href":"https:\/\/association360.ch\/trans\/wp-json\/wp\/v2\/pages\/2570\/revisions"}],"predecessor-version":[{"id":3567,"href":"https:\/\/association360.ch\/trans\/wp-json\/wp\/v2\/pages\/2570\/revisions\/3567"}],"up":[{"embeddable":true,"href":"https:\/\/association360.ch\/trans\/wp-json\/wp\/v2\/pages\/272"}],"wp:attachment":[{"href":"https:\/\/association360.ch\/trans\/wp-json\/wp\/v2\/media?parent=2570"}],"wp:term":[{"taxonomy":"category","embeddable":true,"href":"https:\/\/association360.ch\/trans\/wp-json\/wp\/v2\/categories?post=2570"},{"taxonomy":"post_tag","embeddable":true,"href":"https:\/\/association360.ch\/trans\/wp-json\/wp\/v2\/tags?post=2570"}],"curies":[{"name":"wp","href":"https:\/\/api.w.org\/{rel}","templated":true}]}}