{"id":2775,"date":"2016-11-23T16:27:36","date_gmt":"2016-11-23T15:27:36","guid":{"rendered":"http:\/\/association360.ch\/trans\/?page_id=2775"},"modified":"2024-10-16T21:40:40","modified_gmt":"2024-10-16T20:40:40","slug":"charte-du-groupe-trans-360","status":"publish","type":"page","link":"https:\/\/association360.ch\/trans\/charte-du-groupe-trans-360\/","title":{"rendered":"Charte du Groupe trans et non binaire 360"},"content":{"rendered":"<p>Ce groupe est inclusif, et se veut donc ouvert, tol\u00e9rant et respectueux de touxstes, dans toutes nos diversit\u00e9s. Quelles que soient ton identit\u00e9 de genre (et stade de transition), tes origines, ton \u00e2ge, ton statut social, tes opinions politiques ou religieuses, tes go\u00fbts et tes couleurs, tes es bienvenu-e-x ! L\u2019id\u00e9e centrale de ce groupe est de c\u00e9l\u00e9brer nos diversit\u00e9s et nos identit\u00e9s.<\/p>\n<p><strong>Il est important de veiller \u00e0 ne pas avoir des propos qui puissent \u00eatre blessants ou discriminatoires, de respecter les identit\u00e9s de genre de chacun-e et de ne pas juger la fa\u00e7on dont une personne vit sa vie, d\u00e9finit son genre et\/ou transitionne (ou pas).<br \/>\n<\/strong><\/p>\n<p>En venant au Groupe trans et non binaire, tu t&rsquo;engages \u00e0 respecter cette charte. Il peut arriver de faire une \u00ab\u00a0gaffe\u00a0\u00bb sans r\u00e9elle volont\u00e9 de nuire, si cela arrive, elle te sera signal\u00e9e par un-e animateurice ou la personne bless\u00e9e par les propos. Ne remets pas en question ce qui t&rsquo;es dit, excuses-toi, et nous pourrons continuer le groupe dans un cadre bienveillant. (si tu persistes dans des propos discriminatoires, blessants ou probl\u00e9matiques, il pourra t&rsquo;\u00eatre demand\u00e9 de partir).<\/p>\n<p><strong>L&rsquo;\u00e9coute et le non-jugement<\/strong>: Quel que soit le statut social d&rsquo;une personne, sa fa\u00e7on de vivre, sa fa\u00e7on de d\u00e9finir son genre, et\/ou sa fa\u00e7on de transitionner (ou pas), il convient d&rsquo;\u00eatre dans une attitude bienveillante, d&rsquo;\u00e9coute, de partage, de soutien, et de laisser \u00e0 touxstes la possibilit\u00e9 de pouvoir s&rsquo;exprimer sans \u00eatre jug\u00e9-e.<\/p>\n<p><strong>Respect de l&rsquo;identit\u00e9 de genre de chacun-e-x<\/strong>: Lorsque des personnes nouvelles se joignent au Groupe Trans et Non Binaire, nous ferons un tour des pr\u00e9noms\/pronoms. Merci de respecter les pronoms et les genres de chaque participant-e et de ne pas remettre en question leur genre.<\/p>\n<p><strong>Confidentialit\u00e9<\/strong>: Tout ce qui est dit dans le cadre du groupe ne doit pas en sortir. Si tu parles de quelque chose qui a \u00e9t\u00e9 dit \u00e0 l&rsquo;int\u00e9rieur du Groupe Trans et Non Binaire, veille imp\u00e9rativement \u00e0 le faire de fa\u00e7on anonymis\u00e9e (et en \u00e9vitant les d\u00e9tails qui pourraient permettre de reconna\u00eetre une personne).<\/p>\n<p><strong>Teneur des propos, ne sera pas admis dans le Groupe Trans et Non Binaire<\/strong>: racisme, x\u00e9nophobie, sexisme, validisme (discrimination envers les personne en situation de handicap ou neuro atypiques), intersexophobie, homophobie, putophobie (discrimination envers les travailleur-euses du sexe, \u00e2gisme (discrimination sur l\u2019\u00e2ge), classisme (discrimination de classe sociale), islamophobie, et \u00e9videmment aucune transphobie (y compris l\u2019enbyphobie -la discrimination envers les personne non-binaires- et la discrimination envers les personnes travesties).<\/p>\n<p><strong>Le groupe est en non-mixit\u00e9 trans et non binaire<\/strong>: sont bienvenues toutes personnes se d\u00e9finissant comme trans*, ayant eu un pass\u00e9 trans*, non binaire, intersexu\u00e9es, ayant une identit\u00e9 de genre diff\u00e9rente de son sexe\/genre assign\u00e9 \u00e0 la naissance, ou en questionnement sur son identit\u00e9 de genre. Nous englobons dans trans* (avec ast\u00e9risque) les pratiques de travestissement et de gender bending (travesti-e, drag queen \/ drag king, gender fuck, et toute identit\u00e9 de genre qui transgressent les normes binaires du genre\u2026).<br \/>\nOccasionnellement, sous certaines conditions, des personnes cisgenres pourraient participer (animateurice d&rsquo;atelier, intervenant-e, personne proche, alli\u00e9-e&#8230;), les participant-es trans et non binaires seront pr\u00e9venu-e-xs \u00e0 l&rsquo;avance ou au d\u00e9but du Groupe trans et non binaire.<\/p>\n","protected":false},"excerpt":{"rendered":"<p>Ce groupe est inclusif, et se veut donc ouvert, tol\u00e9rant et respectueux de touxstes, dans toutes nos diversit\u00e9s. Quelles que soient ton identit\u00e9 de genre (et stade de transition), tes origines, ton \u00e2ge, ton statut social, tes opinions politiques ou religieuses, tes go\u00fbts et tes couleurs, tes es bienvenu-e-x ! L\u2019id\u00e9e centrale de ce groupe [&hellip;]<\/p>\n","protected":false},"author":763,"featured_media":0,"parent":0,"menu_order":0,"comment_status":"open","ping_status":"closed","template":"","meta":{"_genesis_hide_title":false,"_genesis_hide_breadcrumbs":false,"_genesis_hide_singular_image":false,"_genesis_hide_footer_widgets":false,"_genesis_custom_body_class":"","_genesis_custom_post_class":"","_genesis_layout":"","footnotes":""},"categories":[],"tags":[],"class_list":{"0":"post-2775","1":"page","2":"type-page","3":"status-publish","4":"format-standard","6":"entry"},"featured_image_src":null,"featured_image_src_square":null,"_links":{"self":[{"href":"https:\/\/association360.ch\/trans\/wp-json\/wp\/v2\/pages\/2775","targetHints":{"allow":["GET"]}}],"collection":[{"href":"https:\/\/association360.ch\/trans\/wp-json\/wp\/v2\/pages"}],"about":[{"href":"https:\/\/association360.ch\/trans\/wp-json\/wp\/v2\/types\/page"}],"author":[{"embeddable":true,"href":"https:\/\/association360.ch\/trans\/wp-json\/wp\/v2\/users\/763"}],"replies":[{"embeddable":true,"href":"https:\/\/association360.ch\/trans\/wp-json\/wp\/v2\/comments?post=2775"}],"version-history":[{"count":9,"href":"https:\/\/association360.ch\/trans\/wp-json\/wp\/v2\/pages\/2775\/revisions"}],"predecessor-version":[{"id":3786,"href":"https:\/\/association360.ch\/trans\/wp-json\/wp\/v2\/pages\/2775\/revisions\/3786"}],"wp:attachment":[{"href":"https:\/\/association360.ch\/trans\/wp-json\/wp\/v2\/media?parent=2775"}],"wp:term":[{"taxonomy":"category","embeddable":true,"href":"https:\/\/association360.ch\/trans\/wp-json\/wp\/v2\/categories?post=2775"},{"taxonomy":"post_tag","embeddable":true,"href":"https:\/\/association360.ch\/trans\/wp-json\/wp\/v2\/tags?post=2775"}],"curies":[{"name":"wp","href":"https:\/\/api.w.org\/{rel}","templated":true}]}}