{"id":3154,"date":"2020-01-21T15:37:33","date_gmt":"2020-01-21T14:37:33","guid":{"rendered":"https:\/\/association360.ch\/trans\/?page_id=3154"},"modified":"2020-04-07T18:26:39","modified_gmt":"2020-04-07T17:26:39","slug":"peregrination-culturelle","status":"publish","type":"page","link":"https:\/\/association360.ch\/trans\/peregrination-culturelle\/","title":{"rendered":"P\u00e9r\u00e9grination Culturelle"},"content":{"rendered":"\n<figure class=\"wp-block-image\"><img loading=\"lazy\" decoding=\"async\" width=\"640\" height=\"454\" src=\"https:\/\/association360.ch\/trans\/wp-content\/uploads\/sites\/4\/2020\/03\/Cest-quoi-la-CULTURE-pour-moi_.jpeg\" alt=\"\" class=\"wp-image-3186\" srcset=\"https:\/\/association360.ch\/trans\/wp-content\/uploads\/sites\/4\/2020\/03\/Cest-quoi-la-CULTURE-pour-moi_.jpeg 640w, https:\/\/association360.ch\/trans\/wp-content\/uploads\/sites\/4\/2020\/03\/Cest-quoi-la-CULTURE-pour-moi_-300x213.jpeg 300w\" sizes=\"auto, (max-width: 640px) 100vw, 640px\" \/><\/figure>\n\n\n\n<p>Le Groupe Trans* de l\u2019association 360 et l\u2019association Destination 27 ont c\u00e9l\u00e9br\u00e9 mercredi 4 f\u00e9vrier la signature du partenariat dans le cadre d\u2019une&nbsp;<em>P\u00e9r\u00e9grination Culturelle<\/em>&nbsp;propos\u00e9e par Destination 27 et adopt\u00e9e par le Groupe Trans* de 360.&nbsp;&nbsp;<\/p>\n\n\n\n<p>Le projet de p\u00e9r\u00e9grination culturelle cherche \u00e0 permettre aux participant-e-s-x du&nbsp;Groupe Trans* :&nbsp;<\/p>\n\n\n\n<p>En premier lieu, laisser place \u00e0 une r\u00e9flexion sur ce que la culture signifie pour&nbsp;chacu-e-x d\u2019entre nous, comment elle nous d\u00e9finit et nous relie aux autres.<\/p>\n\n\n\n<p>En deuxi\u00e8me lieu, le projet&nbsp;veut faciliter aux participant-e-s-x l\u2019acc\u00e8s aux activit\u00e9s culturelles ayant lieu \u00e0 Gen\u00e8ve en tenant compte des sp\u00e9cificit\u00e9s de la population trans*.<\/p>\n\n\n\n<p>Avec l\u2019association Destination 27, nous vous proposerons des rencontres et sorties vari\u00e9es afin de profiter pleinement de la vie culturelle de notre cit\u00e9 et \u00e9changer autour de nos exp\u00e9riences.\u00a0 Nous discuterons d\u2019abord, et puis ensemble, nous choisirons des sorties culturelles et des ateliers cr\u00e9atifs, selon les envies et aspirations de chacun-e-x.\u00a0<\/p>\n\n\n\n<p>Le projet donne la bienvenue \u00e0&nbsp;<strong>toute<\/strong>&nbsp;personne Trans* pour en d\u00e9couvrir plus et&nbsp;coconstruire&nbsp;ce cheminement culturel avec nous.&nbsp;<\/p>\n\n\n\n<p>Le projet a lieu le premier et troisi\u00e8me mercredi de chaque mois aux locaux de 360. Pour plus d\u2019information sur les dates veuillez voir l\u2019agenda du groupe trans* sur ce m\u00eame site.<\/p>\n\n\n\n<p>En raison des perturbations en lien avec\u00a0Covid\u00a019,\u00a0<strong>les activit\u00e9s li\u00e9es au projet \u201cP\u00e9r\u00e9grination culturelle\u201d seront reprises le 6 mai<\/strong>, sous r\u00e9serve d\u2019\u00e9ventuelles mesures mises en place d\u2019ici-l\u00e0.\u00a0Nous nous r\u00e9jouissons de vous\u00a0revoir d\u00e8s que cette situation se sera un peu calm\u00e9e\u202f!\u00a0<\/p>\n","protected":false},"excerpt":{"rendered":"<p>Le Groupe Trans* de l\u2019association 360 et l\u2019association Destination 27 ont c\u00e9l\u00e9br\u00e9 mercredi 4 f\u00e9vrier la signature du partenariat dans le cadre d\u2019une&nbsp;P\u00e9r\u00e9grination Culturelle&nbsp;propos\u00e9e par Destination 27 et adopt\u00e9e par le Groupe Trans* de 360.&nbsp;&nbsp; Le projet de p\u00e9r\u00e9grination culturelle cherche \u00e0 permettre aux participant-e-s-x du&nbsp;Groupe Trans* :&nbsp; En premier lieu, laisser place \u00e0 une [&hellip;]<\/p>\n","protected":false},"author":763,"featured_media":3186,"parent":0,"menu_order":0,"comment_status":"closed","ping_status":"closed","template":"","meta":{"_genesis_hide_title":false,"_genesis_hide_breadcrumbs":false,"_genesis_hide_singular_image":false,"_genesis_hide_footer_widgets":false,"_genesis_custom_body_class":"","_genesis_custom_post_class":"","_genesis_layout":"","footnotes":""},"categories":[],"tags":[],"class_list":{"0":"post-3154","1":"page","2":"type-page","3":"status-publish","4":"format-standard","5":"has-post-thumbnail","7":"entry"},"featured_image_src":"https:\/\/association360.ch\/trans\/wp-content\/uploads\/sites\/4\/2020\/03\/Cest-quoi-la-CULTURE-pour-moi_.jpeg","featured_image_src_square":"https:\/\/association360.ch\/trans\/wp-content\/uploads\/sites\/4\/2020\/03\/Cest-quoi-la-CULTURE-pour-moi_.jpeg","_links":{"self":[{"href":"https:\/\/association360.ch\/trans\/wp-json\/wp\/v2\/pages\/3154","targetHints":{"allow":["GET"]}}],"collection":[{"href":"https:\/\/association360.ch\/trans\/wp-json\/wp\/v2\/pages"}],"about":[{"href":"https:\/\/association360.ch\/trans\/wp-json\/wp\/v2\/types\/page"}],"author":[{"embeddable":true,"href":"https:\/\/association360.ch\/trans\/wp-json\/wp\/v2\/users\/763"}],"replies":[{"embeddable":true,"href":"https:\/\/association360.ch\/trans\/wp-json\/wp\/v2\/comments?post=3154"}],"version-history":[{"count":9,"href":"https:\/\/association360.ch\/trans\/wp-json\/wp\/v2\/pages\/3154\/revisions"}],"predecessor-version":[{"id":3281,"href":"https:\/\/association360.ch\/trans\/wp-json\/wp\/v2\/pages\/3154\/revisions\/3281"}],"wp:featuredmedia":[{"embeddable":true,"href":"https:\/\/association360.ch\/trans\/wp-json\/wp\/v2\/media\/3186"}],"wp:attachment":[{"href":"https:\/\/association360.ch\/trans\/wp-json\/wp\/v2\/media?parent=3154"}],"wp:term":[{"taxonomy":"category","embeddable":true,"href":"https:\/\/association360.ch\/trans\/wp-json\/wp\/v2\/categories?post=3154"},{"taxonomy":"post_tag","embeddable":true,"href":"https:\/\/association360.ch\/trans\/wp-json\/wp\/v2\/tags?post=3154"}],"curies":[{"name":"wp","href":"https:\/\/api.w.org\/{rel}","templated":true}]}}