{"id":55,"date":"2009-12-16T17:13:50","date_gmt":"2009-12-16T16:13:50","guid":{"rendered":"http:\/\/360.ch\/trans\/?page_id=55"},"modified":"2024-11-20T16:09:04","modified_gmt":"2024-11-20T15:09:04","slug":"groupe-de-discussion","status":"publish","type":"page","link":"https:\/\/association360.ch\/trans\/pole-trans\/groupe-de-discussion\/","title":{"rendered":"Groupe de discussion \/ Soir\u00e9es sociales"},"content":{"rendered":"<p><strong><img loading=\"lazy\" decoding=\"async\" class=\"alignleft wp-image-3776 size-medium\" src=\"https:\/\/association360.ch\/trans\/wp-content\/uploads\/sites\/4\/2024\/10\/360-site-web-onglet-groupe-de-discussion-300x300.png\" alt=\"\" width=\"300\" height=\"300\" srcset=\"https:\/\/association360.ch\/trans\/wp-content\/uploads\/sites\/4\/2024\/10\/360-site-web-onglet-groupe-de-discussion-300x300.png 300w, https:\/\/association360.ch\/trans\/wp-content\/uploads\/sites\/4\/2024\/10\/360-site-web-onglet-groupe-de-discussion-1024x1024.png 1024w, https:\/\/association360.ch\/trans\/wp-content\/uploads\/sites\/4\/2024\/10\/360-site-web-onglet-groupe-de-discussion-150x150.png 150w, https:\/\/association360.ch\/trans\/wp-content\/uploads\/sites\/4\/2024\/10\/360-site-web-onglet-groupe-de-discussion-768x768.png 768w, https:\/\/association360.ch\/trans\/wp-content\/uploads\/sites\/4\/2024\/10\/360-site-web-onglet-groupe-de-discussion-100x100.png 100w, https:\/\/association360.ch\/trans\/wp-content\/uploads\/sites\/4\/2024\/10\/360-site-web-onglet-groupe-de-discussion-600x600.png 600w, https:\/\/association360.ch\/trans\/wp-content\/uploads\/sites\/4\/2024\/10\/360-site-web-onglet-groupe-de-discussion.png 1080w\" sizes=\"auto, (max-width: 300px) 100vw, 300px\" \/><br \/>\nDeux fois par mois (le 1er et 3\u00e8me mercredi de chaque mois), <\/strong>nous organisons des soir\u00e9es sociales ou des groupes de discussion\/parole et de soutien entre personnes trans et non binaires, dans un esprit convivial et d\u00e9contract\u00e9. Certaines r\u00e9unions proposeront des th\u00e9matiques de discussion ou des activit\u00e9s (projection de film, ateliers, cr\u00e9ation artistique, \u00e9criture, bien-\u00eatre, f\u00eates, jeux&#8230;), il sera toujours possible de venir pour discuter, socialiser et\/ou demander du soutien sans participer \u00e0 ces activit\u00e9s.<\/p>\n<p>Tu es en questionnement sur ton identit\u00e9 de genre? Tu souhaites entamer des d\u00e9marches pour vivre selon ton identit\u00e9 de genre, mais tu n&rsquo;oses pas commencer, ou ne peux pas? Tu es d\u00e9j\u00e0 avanc\u00e9-e-x dans un parcours de transition?<br \/>\n<strong>Viens comme tu te sens le plus confortable.<\/strong><\/p>\n<p>Ces r\u00e9unions sont ouvertes \u00e0 toute personne concern\u00e9e par les questions d&rsquo;identit\u00e9 de genre, telles que les personnes transgenres, transsexuelles, intersexu\u00e9es, genderqueer, non binaires, agenres, travesties, toute autre identit\u00e9 de genre atypique, et les personnes en questionnement sur leur identit\u00e9 de genre.<\/p>\n<p>Lorsque l&rsquo;on se questionne sur son identit\u00e9 de genre, ou lorsque l&rsquo;on d\u00e9cide d&rsquo;entamer une transition sociale et physique, il peut \u00eatre particuli\u00e8rement b\u00e9n\u00e9fique de rencontrer d&rsquo;autres personnes qui traversent des questionnements et des d\u00e9fis similaires.<br \/>\nEn parler, pour ne plus \u00eatre seul-e-x, est un pas consid\u00e9rable\u2026<br \/>\nTu pourras aussi te rendre compte que d&rsquo;autres personnes sont pass\u00e9-e-x-s par des \u00e9tapes similaires, ou d&rsquo;autres \u00e9tapes, et arrivent \u00e0 vivre heureuxses et en harmonie avec leur identit\u00e9 de genre!<\/p>\n<p><span style=\"text-decoration: underline\">Charte<\/span>:<br \/>\nCe groupe est inclusif, et se veut donc ouvert, tol\u00e9rant et respectueux de touxstes, dans toutes nos diversit\u00e9s. Quelles que soient votre identit\u00e9 de genre (et stade de transition), vos origines, votre \u00e2ge, votre statut migratoire, social ou \u00e9conomique, vos opinions politiques ou religieuses, vos go\u00fbts et vos couleurs, vous \u00eates bienvenu-e-x! L\u2019id\u00e9e centrale de ce groupe est de <strong>c\u00e9l\u00e9brer nos diversit\u00e9s et nos identit\u00e9s<\/strong>.<\/p>\n<p><strong>Il est important de veiller \u00e0 ne pas avoir des propos qui puissent \u00eatre blessants ou discriminatoires. <\/strong><\/p>\n<p><strong>Les r\u00e9unions du Groupe trans et non binaire 360 sont en non-mixit\u00e9 trans* et non binaire (personnes trans*, intersexu\u00e9-e-x-s, non-binaires, en questionnement).<br \/>\n<\/strong><\/p>\n<p>En venant au Groupe trans et non binaire 360, tu t&rsquo;engages \u00e0 respecter notre <a title=\"Charte du Groupe Trans 360\" href=\"http:\/\/association360.ch\/trans\/charte-du-groupe-trans-360\/\">charte<\/a>.<\/p>\n<p><strong>Pense \u00e0 v\u00e9rifier les dates sous la rubrique \u00ab\u00a0<a title=\"Agenda\" href=\"http:\/\/association360.ch\/trans\/agenda\/\">agenda<\/a>\u00a0\u00bb !<\/strong><\/p>\n<p><strong>Pense \u00e0 amener un petit quelque chose \u00e0 grignoter et\/ou \u00e0 boire<\/strong> (pour celleux qui peuvent), pour partager ensemble. Il y aura \u00e9galement de quoi grignoter sur place.<\/p>\n<p>Nous nous r\u00e9jouissons de te rencontrer !<\/p>\n","protected":false},"excerpt":{"rendered":"<p>Deux fois par mois (le 1er et 3\u00e8me mercredi de chaque mois), nous organisons des soir\u00e9es sociales ou des groupes de discussion\/parole et de soutien entre personnes trans et non binaires, dans un esprit convivial et d\u00e9contract\u00e9. Certaines r\u00e9unions proposeront des th\u00e9matiques de discussion ou des activit\u00e9s (projection de film, ateliers, cr\u00e9ation artistique, \u00e9criture, bien-\u00eatre, [&hellip;]<\/p>\n","protected":false},"author":763,"featured_media":0,"parent":17,"menu_order":3,"comment_status":"closed","ping_status":"closed","template":"","meta":{"_genesis_hide_title":false,"_genesis_hide_breadcrumbs":false,"_genesis_hide_singular_image":false,"_genesis_hide_footer_widgets":false,"_genesis_custom_body_class":"","_genesis_custom_post_class":"","_genesis_layout":"","footnotes":""},"categories":[],"tags":[],"class_list":{"0":"post-55","1":"page","2":"type-page","3":"status-publish","4":"format-standard","6":"entry","7":"has-post-thumbnail"},"featured_image_src":null,"featured_image_src_square":null,"_links":{"self":[{"href":"https:\/\/association360.ch\/trans\/wp-json\/wp\/v2\/pages\/55","targetHints":{"allow":["GET"]}}],"collection":[{"href":"https:\/\/association360.ch\/trans\/wp-json\/wp\/v2\/pages"}],"about":[{"href":"https:\/\/association360.ch\/trans\/wp-json\/wp\/v2\/types\/page"}],"author":[{"embeddable":true,"href":"https:\/\/association360.ch\/trans\/wp-json\/wp\/v2\/users\/763"}],"replies":[{"embeddable":true,"href":"https:\/\/association360.ch\/trans\/wp-json\/wp\/v2\/comments?post=55"}],"version-history":[{"count":9,"href":"https:\/\/association360.ch\/trans\/wp-json\/wp\/v2\/pages\/55\/revisions"}],"predecessor-version":[{"id":3794,"href":"https:\/\/association360.ch\/trans\/wp-json\/wp\/v2\/pages\/55\/revisions\/3794"}],"up":[{"embeddable":true,"href":"https:\/\/association360.ch\/trans\/wp-json\/wp\/v2\/pages\/17"}],"wp:attachment":[{"href":"https:\/\/association360.ch\/trans\/wp-json\/wp\/v2\/media?parent=55"}],"wp:term":[{"taxonomy":"category","embeddable":true,"href":"https:\/\/association360.ch\/trans\/wp-json\/wp\/v2\/categories?post=55"},{"taxonomy":"post_tag","embeddable":true,"href":"https:\/\/association360.ch\/trans\/wp-json\/wp\/v2\/tags?post=55"}],"curies":[{"name":"wp","href":"https:\/\/api.w.org\/{rel}","templated":true}]}}