{"id":8,"date":"2009-10-01T22:04:39","date_gmt":"2009-10-01T21:04:39","guid":{"rendered":"http:\/\/360.ch\/trans\/?page_id=8"},"modified":"2014-12-09T10:14:43","modified_gmt":"2014-12-09T09:14:43","slug":"conseils","status":"publish","type":"page","link":"https:\/\/association360.ch\/trans\/conseils\/","title":{"rendered":"Conseils et d\u00e9marches"},"content":{"rendered":"<h1>Premiers pas<\/h1>\n<p>Vous ressentez que votre identit\u00e9 interne, votre identit\u00e9 de genre, ne correspond pas avec le sexe dans lequel on vous a assign\u00e9 \u00e0 la naissance. En ce qui concerne le parcours de transition transgenre ou transsexuel, vous serez le\/la seul-e \u00e0 prendre les d\u00e9cisions qui changeront le cours de votre existence. C\u2019est un travail de longue haleine, sur plusieurs ann\u00e9es, avec parfois des moments difficiles, des obstacles, des incompr\u00e9hension, du rejet, le sentiment que vous n\u2019y arriverez jamais\u2026<\/p>\n<p>Courage ! Il faut vous armer de beaucoup de patience, mais toute probl\u00e9matique a une issue !<\/p>\n<p><a title=\"Premiers pas\" href=\"http:\/\/association360.ch\/trans\/conseils\/premiers-pas\/\"><strong>Suite&#8230;<\/strong><\/a><\/p>\n<h2><span style=\"color: #000000\">Transition et d\u00e9marches m\u00e9dicales<\/span><\/h2>\n<p>Votre parcours de transition commencera en g\u00e9n\u00e9ral par une psychoth\u00e9rapie avec un m\u00e9decin sp\u00e9cialis\u00e9 en la mati\u00e8re. Cette th\u00e9rapie est requise par les professionnels de la sant\u00e9 et la soci\u00e9t\u00e9 afin de vous permettre d&rsquo;obtenir les traitements m\u00e9dicaux et les changements juridiques n\u00e9cessaires pour effectuer une transition physique, sociale et l\u00e9gale, \u00e0 partir de l&rsquo;identit\u00e9 sexu\u00e9e qui vous a \u00e9t\u00e9 attribu\u00e9e \u00e0 votre naissance vers l&rsquo;identit\u00e9 de genre que vous ressentez en vous.<\/p>\n<p><a title=\"Transition et d\u00e9marches m\u00e9dicales\" href=\"http:\/\/association360.ch\/trans\/conseils\/transition-demarches-medicales\/\"><strong>Suite&#8230;<\/strong><\/a><\/p>\n<p>&nbsp;<\/p>\n<h2>Standards de soins pour la sant\u00e9 des personnes transsexuelles, transgenres et de genre non-conforme<\/h2>\n<p>Ces standards de soins constituent la r\u00e9f\u00e9rence au niveau mondial sur laquelle se basent les professionnels de la sant\u00e9 pour aider une personne transidentitaire dans son parcours. Ces standards de soins sont \u00e0 consid\u00e9rer comme des recommandations et non des r\u00e8gles absolues.<\/p>\n<p><strong><a href=\"http:\/\/association360.ch\/trans\/conseils\/standards-de-soin\/\">Suite&#8230;<\/a><\/strong><\/p>\n<p>&nbsp;<\/p>\n<h2>D\u00e9marches juridiques : Le changement d&rsquo;\u00e9tat civil<\/h2>\n<p>(nouveau pr\u00e9nom et changement de sexe l\u00e9gal)<\/p>\n<p>Pour pouvoir faire votre changement d&rsquo;\u00e9tat civil, il faut vous munir d&rsquo;une attestation de votre psychoth\u00e9rapeute (ou psychiatre) qui prouve que vous vivez un cas de transsexualisme et vivez bien int\u00e9gr\u00e9-e dans le genre d\u00e9sir\u00e9, et de celle d&rsquo;un m\u00e9decin, par exemple un endocrinologue, ou un chirurgien, qui prouve que vous avez effectu\u00e9 des changement physiques irr\u00e9versibles pour vivre dans le sexe d\u00e9sir\u00e9.<\/p>\n<p><strong><a href=\"http:\/\/association360.ch\/trans\/conseils\/etat-civil\/\">Suite&#8230;<\/a><\/strong><\/p>\n","protected":false},"excerpt":{"rendered":"<p>Premiers pas Vous ressentez que votre identit\u00e9 interne, votre identit\u00e9 de genre, ne correspond pas avec le sexe dans lequel on vous a assign\u00e9 \u00e0 la naissance. En ce qui concerne le parcours de transition transgenre ou transsexuel, vous serez le\/la seul-e \u00e0 prendre les d\u00e9cisions qui changeront le cours de votre existence. C\u2019est un [&hellip;]<\/p>\n","protected":false},"author":1,"featured_media":0,"parent":0,"menu_order":5,"comment_status":"closed","ping_status":"closed","template":"","meta":{"_genesis_hide_title":false,"_genesis_hide_breadcrumbs":false,"_genesis_hide_singular_image":false,"_genesis_hide_footer_widgets":false,"_genesis_custom_body_class":"","_genesis_custom_post_class":"","_genesis_layout":""},"categories":[],"tags":[],"featured_image_src":null,"featured_image_src_square":null,"_links":{"self":[{"href":"https:\/\/association360.ch\/trans\/wp-json\/wp\/v2\/pages\/8"}],"collection":[{"href":"https:\/\/association360.ch\/trans\/wp-json\/wp\/v2\/pages"}],"about":[{"href":"https:\/\/association360.ch\/trans\/wp-json\/wp\/v2\/types\/page"}],"author":[{"embeddable":true,"href":"https:\/\/association360.ch\/trans\/wp-json\/wp\/v2\/users\/1"}],"replies":[{"embeddable":true,"href":"https:\/\/association360.ch\/trans\/wp-json\/wp\/v2\/comments?post=8"}],"version-history":[{"count":10,"href":"https:\/\/association360.ch\/trans\/wp-json\/wp\/v2\/pages\/8\/revisions"}],"predecessor-version":[{"id":1800,"href":"https:\/\/association360.ch\/trans\/wp-json\/wp\/v2\/pages\/8\/revisions\/1800"}],"wp:attachment":[{"href":"https:\/\/association360.ch\/trans\/wp-json\/wp\/v2\/media?parent=8"}],"wp:term":[{"taxonomy":"category","embeddable":true,"href":"https:\/\/association360.ch\/trans\/wp-json\/wp\/v2\/categories?post=8"},{"taxonomy":"post_tag","embeddable":true,"href":"https:\/\/association360.ch\/trans\/wp-json\/wp\/v2\/tags?post=8"}],"curies":[{"name":"wp","href":"https:\/\/api.w.org\/{rel}","templated":true}]}}